{"id":2222,"date":"2023-06-13T17:24:21","date_gmt":"2023-06-13T17:24:21","guid":{"rendered":"https:\/\/vdi.grupoamper.com\/?page_id=2222"},"modified":"2023-09-22T12:47:06","modified_gmt":"2023-09-22T12:47:06","slug":"redes","status":"publish","type":"page","link":"https:\/\/vdi.grupoamper.com\/es\/redes\/","title":{"rendered":"Redes"},"content":{"rendered":"\t\t<div data-elementor-type=\"wp-page\" data-elementor-id=\"2222\" class=\"elementor elementor-2222\" data-elementor-post-type=\"page\">\n\t\t\t\t<div class=\"elementor-element elementor-element-4df98e9 e-con-full e-flex e-con e-parent\" data-id=\"4df98e9\" data-element_type=\"container\" data-settings=\"{&quot;background_background&quot;:&quot;classic&quot;}\">\n\t\t\t\t<div class=\"elementor-element elementor-element-674a5e1 elementor-widget elementor-widget-heading\" data-id=\"674a5e1\" data-element_type=\"widget\" data-widget_type=\"heading.default\">\n\t\t\t\t<div class=\"elementor-widget-container\">\n\t\t\t\t\t<h2 class=\"elementor-heading-title elementor-size-default\">Redes<\/h2>\t\t\t\t<\/div>\n\t\t\t\t<\/div>\n\t\t\t\t<\/div>\n\t\t\t\t<section class=\"elementor-section elementor-top-section elementor-element elementor-element-4484694 elementor-section-boxed elementor-section-height-default elementor-section-height-default\" data-id=\"4484694\" data-element_type=\"section\" id=\"red1\">\n\t\t\t\t\t\t<div class=\"elementor-container elementor-column-gap-custom\">\n\t\t\t\t\t<div class=\"elementor-column elementor-col-100 elementor-top-column elementor-element elementor-element-bf8a179\" data-id=\"bf8a179\" data-element_type=\"column\">\n\t\t\t<div class=\"elementor-widget-wrap elementor-element-populated\">\n\t\t\t\t\t\t<div class=\"elementor-element elementor-element-83ae6fc elementor-widget elementor-widget-spacer\" data-id=\"83ae6fc\" data-element_type=\"widget\" data-widget_type=\"spacer.default\">\n\t\t\t\t<div class=\"elementor-widget-container\">\n\t\t\t\t\t\t\t<div class=\"elementor-spacer\">\n\t\t\t<div class=\"elementor-spacer-inner\"><\/div>\n\t\t<\/div>\n\t\t\t\t\t\t<\/div>\n\t\t\t\t<\/div>\n\t\t\t\t<section class=\"elementor-section elementor-inner-section elementor-element elementor-element-60a69cb elementor-section-boxed elementor-section-height-default elementor-section-height-default elementor-invisible\" data-id=\"60a69cb\" data-element_type=\"section\" data-settings=\"{&quot;animation&quot;:&quot;fadeInLeft&quot;}\">\n\t\t\t\t\t\t<div class=\"elementor-container elementor-column-gap-default\">\n\t\t\t\t\t<div class=\"elementor-column elementor-col-50 elementor-inner-column elementor-element elementor-element-be646d9\" data-id=\"be646d9\" data-element_type=\"column\">\n\t\t\t<div class=\"elementor-widget-wrap elementor-element-populated\">\n\t\t\t\t\t\t<div class=\"elementor-element elementor-element-865c6f0 elementor-hidden-widescreen elementor-hidden-desktop elementor-hidden-laptop elementor-hidden-tablet_extra elementor-hidden-tablet elementor-hidden-mobile_extra elementor-invisible elementor-widget elementor-widget-image\" data-id=\"865c6f0\" data-element_type=\"widget\" data-settings=\"{&quot;_animation&quot;:&quot;fadeInRight&quot;}\" data-widget_type=\"image.default\">\n\t\t\t\t<div class=\"elementor-widget-container\">\n\t\t\t\t\t\t\t\t\t\t\t\t\t\t\t<img fetchpriority=\"high\" decoding=\"async\" width=\"2084\" height=\"2084\" src=\"https:\/\/vdi.grupoamper.com\/wp-content\/uploads\/2023\/09\/4pmf_spain-Convertido-01.jpg\" class=\"attachment-full size-full wp-image-3548\" alt=\"\" srcset=\"https:\/\/vdi.grupoamper.com\/wp-content\/uploads\/2023\/09\/4pmf_spain-Convertido-01.jpg 2084w, https:\/\/vdi.grupoamper.com\/wp-content\/uploads\/2023\/09\/4pmf_spain-Convertido-01-300x300.jpg 300w, https:\/\/vdi.grupoamper.com\/wp-content\/uploads\/2023\/09\/4pmf_spain-Convertido-01-1024x1024.jpg 1024w, https:\/\/vdi.grupoamper.com\/wp-content\/uploads\/2023\/09\/4pmf_spain-Convertido-01-150x150.jpg 150w, https:\/\/vdi.grupoamper.com\/wp-content\/uploads\/2023\/09\/4pmf_spain-Convertido-01-768x768.jpg 768w, https:\/\/vdi.grupoamper.com\/wp-content\/uploads\/2023\/09\/4pmf_spain-Convertido-01-1536x1536.jpg 1536w, https:\/\/vdi.grupoamper.com\/wp-content\/uploads\/2023\/09\/4pmf_spain-Convertido-01-2048x2048.jpg 2048w, https:\/\/vdi.grupoamper.com\/wp-content\/uploads\/2023\/09\/4pmf_spain-Convertido-01-12x12.jpg 12w, https:\/\/vdi.grupoamper.com\/wp-content\/uploads\/2023\/09\/4pmf_spain-Convertido-01-2000x2000.jpg 2000w\" sizes=\"100vw\" \/>\t\t\t\t\t\t\t\t\t\t\t\t\t\t\t<\/div>\n\t\t\t\t<\/div>\n\t\t\t\t<div class=\"elementor-element elementor-element-8c500e5 elementor-invisible elementor-widget elementor-widget-text-editor\" data-id=\"8c500e5\" data-element_type=\"widget\" data-settings=\"{&quot;_animation&quot;:&quot;fadeInDown&quot;}\" data-widget_type=\"text-editor.default\">\n\t\t\t\t<div class=\"elementor-widget-container\">\n\t\t\t\t\t\t\t\t\t<h3 style=\"text-align: center;\">Nuestras Redes<\/h3>\t\t\t\t\t\t\t\t<\/div>\n\t\t\t\t<\/div>\n\t\t\t\t<div class=\"elementor-element elementor-element-691907d elementor-widget__width-initial animated-slow elementor-widget-divider--view-line elementor-invisible elementor-widget elementor-widget-divider\" data-id=\"691907d\" data-element_type=\"widget\" data-settings=\"{&quot;_animation&quot;:&quot;zoomInUp&quot;,&quot;_animation_delay&quot;:200}\" data-widget_type=\"divider.default\">\n\t\t\t\t<div class=\"elementor-widget-container\">\n\t\t\t\t\t\t\t<div class=\"elementor-divider\">\n\t\t\t<span class=\"elementor-divider-separator\">\n\t\t\t\t\t\t<\/span>\n\t\t<\/div>\n\t\t\t\t\t\t<\/div>\n\t\t\t\t<\/div>\n\t\t\t\t<div class=\"elementor-element elementor-element-74ad418 elementor-widget__width-initial elementor-invisible elementor-widget elementor-widget-text-editor\" data-id=\"74ad418\" data-element_type=\"widget\" data-settings=\"{&quot;_animation&quot;:&quot;fadeInUp&quot;}\" data-widget_type=\"text-editor.default\">\n\t\t\t\t<div class=\"elementor-widget-container\">\n\t\t\t\t\t\t\t\t\t<p>Nuestra\u00a0<strong>avanzada infraestructura de fibra \u00f3ptica de \u00faltima generaci\u00f3n<\/strong>\u00a0se extiende a lo largo de importantes carreteras nacionales, como la A2, brindando una conexi\u00f3n ultrarr\u00e1pida y confiable.<\/p><p>\u00a1Nuestra visi\u00f3n es unir las cabeceras de los cables submarinos y los principales Centros de Procesamiento de Datos (CPDs), llevando nuestra red a nuevos horizontes! Con la integraci\u00f3n de esta innovadora infraestructura, expandimos nuestras capacidades y ofrecemos una conectividad incomparable.<\/p><p>Adem\u00e1s, nuestra red de fibra est\u00e1 cuidadosamente soterrada a lo largo de todo su recorrido, garantizando la m\u00e1xima seguridad y rendimiento. Prep\u00e1rate para disfrutar de una conexi\u00f3n sin igual y aprovechar al m\u00e1ximo tus oportunidades en el mundo digital.<\/p><p>\u00a1El futuro est\u00e1 en nuestras manos, conectando ciudades y habilitando el progreso!<\/p>\t\t\t\t\t\t\t\t<\/div>\n\t\t\t\t<\/div>\n\t\t\t\t<div class=\"elementor-element elementor-element-b4db550 elementor-icon-list--layout-traditional elementor-list-item-link-full_width elementor-widget elementor-widget-icon-list\" data-id=\"b4db550\" data-element_type=\"widget\" data-widget_type=\"icon-list.default\">\n\t\t\t\t<div class=\"elementor-widget-container\">\n\t\t\t\t\t\t\t<ul class=\"elementor-icon-list-items\">\n\t\t\t\t\t\t\t<li class=\"elementor-icon-list-item\">\n\t\t\t\t\t\t\t\t\t\t\t<span class=\"elementor-icon-list-icon\">\n\t\t\t\t\t\t\t<i aria-hidden=\"true\" class=\"fas fa-circle\"><\/i>\t\t\t\t\t\t<\/span>\n\t\t\t\t\t\t\t\t\t\t<span class=\"elementor-icon-list-text\">+1.800km\/s de fibra \u00f3ptica<\/span>\n\t\t\t\t\t\t\t\t\t<\/li>\n\t\t\t\t\t\t\t\t<li class=\"elementor-icon-list-item\">\n\t\t\t\t\t\t\t\t\t\t\t<span class=\"elementor-icon-list-icon\">\n\t\t\t\t\t\t\t<i aria-hidden=\"true\" class=\"fas fa-circle\"><\/i>\t\t\t\t\t\t<\/span>\n\t\t\t\t\t\t\t\t\t\t<span class=\"elementor-icon-list-text\">Red 100% Soterrada<\/span>\n\t\t\t\t\t\t\t\t\t<\/li>\n\t\t\t\t\t\t\t\t<li class=\"elementor-icon-list-item\">\n\t\t\t\t\t\t\t\t\t\t\t<span class=\"elementor-icon-list-icon\">\n\t\t\t\t\t\t\t<i aria-hidden=\"true\" class=\"fas fa-circle\"><\/i>\t\t\t\t\t\t<\/span>\n\t\t\t\t\t\t\t\t\t\t<span class=\"elementor-icon-list-text\">Fibra G652-D<\/span>\n\t\t\t\t\t\t\t\t\t<\/li>\n\t\t\t\t\t\t<\/ul>\n\t\t\t\t\t\t<\/div>\n\t\t\t\t<\/div>\n\t\t\t\t\t<\/div>\n\t\t<\/div>\n\t\t\t\t<div class=\"elementor-column elementor-col-50 elementor-inner-column elementor-element elementor-element-ab410c7 elementor-invisible\" data-id=\"ab410c7\" data-element_type=\"column\" data-settings=\"{&quot;animation&quot;:&quot;fadeInRight&quot;}\">\n\t\t\t<div class=\"elementor-widget-wrap elementor-element-populated\">\n\t\t\t\t\t\t<div class=\"elementor-element elementor-element-4a8d02f elementor-hidden-mobile elementor-invisible elementor-widget elementor-widget-image\" data-id=\"4a8d02f\" data-element_type=\"widget\" data-settings=\"{&quot;_animation&quot;:&quot;fadeInRight&quot;}\" data-widget_type=\"image.default\">\n\t\t\t\t<div class=\"elementor-widget-container\">\n\t\t\t\t\t\t\t\t\t\t\t\t\t\t\t<img fetchpriority=\"high\" decoding=\"async\" width=\"2084\" height=\"2084\" src=\"https:\/\/vdi.grupoamper.com\/wp-content\/uploads\/2023\/09\/4pmf_spain-Convertido-01.jpg\" class=\"attachment-full size-full wp-image-3548\" alt=\"\" srcset=\"https:\/\/vdi.grupoamper.com\/wp-content\/uploads\/2023\/09\/4pmf_spain-Convertido-01.jpg 2084w, https:\/\/vdi.grupoamper.com\/wp-content\/uploads\/2023\/09\/4pmf_spain-Convertido-01-300x300.jpg 300w, https:\/\/vdi.grupoamper.com\/wp-content\/uploads\/2023\/09\/4pmf_spain-Convertido-01-1024x1024.jpg 1024w, https:\/\/vdi.grupoamper.com\/wp-content\/uploads\/2023\/09\/4pmf_spain-Convertido-01-150x150.jpg 150w, https:\/\/vdi.grupoamper.com\/wp-content\/uploads\/2023\/09\/4pmf_spain-Convertido-01-768x768.jpg 768w, https:\/\/vdi.grupoamper.com\/wp-content\/uploads\/2023\/09\/4pmf_spain-Convertido-01-1536x1536.jpg 1536w, https:\/\/vdi.grupoamper.com\/wp-content\/uploads\/2023\/09\/4pmf_spain-Convertido-01-2048x2048.jpg 2048w, https:\/\/vdi.grupoamper.com\/wp-content\/uploads\/2023\/09\/4pmf_spain-Convertido-01-12x12.jpg 12w, https:\/\/vdi.grupoamper.com\/wp-content\/uploads\/2023\/09\/4pmf_spain-Convertido-01-2000x2000.jpg 2000w\" sizes=\"100vw\" \/>\t\t\t\t\t\t\t\t\t\t\t\t\t\t\t<\/div>\n\t\t\t\t<\/div>\n\t\t\t\t\t<\/div>\n\t\t<\/div>\n\t\t\t\t\t<\/div>\n\t\t<\/section>\n\t\t\t\t<section class=\"elementor-section elementor-inner-section elementor-element elementor-element-5767e20 elementor-section-boxed elementor-section-height-default elementor-section-height-default\" data-id=\"5767e20\" data-element_type=\"section\">\n\t\t\t\t\t\t<div class=\"elementor-container elementor-column-gap-default\">\n\t\t\t\t\t<div class=\"elementor-column elementor-col-100 elementor-inner-column elementor-element elementor-element-9d3f9da\" data-id=\"9d3f9da\" data-element_type=\"column\">\n\t\t\t<div class=\"elementor-widget-wrap elementor-element-populated\">\n\t\t\t\t\t\t<div class=\"elementor-element elementor-element-f39d818 elementor-widget elementor-widget-spacer\" data-id=\"f39d818\" data-element_type=\"widget\" data-widget_type=\"spacer.default\">\n\t\t\t\t<div class=\"elementor-widget-container\">\n\t\t\t\t\t\t\t<div class=\"elementor-spacer\">\n\t\t\t<div class=\"elementor-spacer-inner\"><\/div>\n\t\t<\/div>\n\t\t\t\t\t\t<\/div>\n\t\t\t\t<\/div>\n\t\t\t\t\t<\/div>\n\t\t<\/div>\n\t\t\t\t\t<\/div>\n\t\t<\/section>\n\t\t\t\t<section class=\"elementor-section elementor-inner-section elementor-element elementor-element-55226c0 elementor-hidden-widescreen elementor-hidden-desktop elementor-hidden-laptop elementor-hidden-tablet_extra elementor-hidden-tablet elementor-hidden-mobile_extra elementor-hidden-mobile elementor-section-boxed elementor-section-height-default elementor-section-height-default elementor-invisible\" data-id=\"55226c0\" data-element_type=\"section\" id=\"red2\" data-settings=\"{&quot;animation&quot;:&quot;fadeInRight&quot;}\">\n\t\t\t\t\t\t<div class=\"elementor-container elementor-column-gap-custom\">\n\t\t\t\t\t<div class=\"elementor-column elementor-col-50 elementor-inner-column elementor-element elementor-element-692f8c7 elementor-invisible\" data-id=\"692f8c7\" data-element_type=\"column\" data-settings=\"{&quot;animation&quot;:&quot;fadeInLeft&quot;}\">\n\t\t\t<div class=\"elementor-widget-wrap elementor-element-populated\">\n\t\t\t\t\t\t<div class=\"elementor-element elementor-element-0f76e0c elementor-invisible elementor-widget elementor-widget-image\" data-id=\"0f76e0c\" data-element_type=\"widget\" data-settings=\"{&quot;_animation&quot;:&quot;fadeInLeft&quot;}\" data-widget_type=\"image.default\">\n\t\t\t\t<div class=\"elementor-widget-container\">\n\t\t\t\t\t\t\t\t\t\t\t\t\t\t\t<img decoding=\"async\" width=\"1071\" height=\"898\" src=\"https:\/\/vdi.grupoamper.com\/wp-content\/uploads\/2023\/06\/Red-futura.jpg\" class=\"attachment-full size-full wp-image-2504\" alt=\"\" srcset=\"https:\/\/vdi.grupoamper.com\/wp-content\/uploads\/2023\/06\/Red-futura.jpg 1071w, https:\/\/vdi.grupoamper.com\/wp-content\/uploads\/2023\/06\/Red-futura-300x252.jpg 300w, https:\/\/vdi.grupoamper.com\/wp-content\/uploads\/2023\/06\/Red-futura-1024x859.jpg 1024w, https:\/\/vdi.grupoamper.com\/wp-content\/uploads\/2023\/06\/Red-futura-768x644.jpg 768w, https:\/\/vdi.grupoamper.com\/wp-content\/uploads\/2023\/06\/Red-futura-14x12.jpg 14w\" sizes=\"100vw\" \/>\t\t\t\t\t\t\t\t\t\t\t\t\t\t\t<\/div>\n\t\t\t\t<\/div>\n\t\t\t\t\t<\/div>\n\t\t<\/div>\n\t\t\t\t<div class=\"elementor-column elementor-col-50 elementor-inner-column elementor-element elementor-element-6718ad3\" data-id=\"6718ad3\" data-element_type=\"column\">\n\t\t\t<div class=\"elementor-widget-wrap elementor-element-populated\">\n\t\t\t\t\t\t<div class=\"elementor-element elementor-element-55bd70c elementor-invisible elementor-widget elementor-widget-text-editor\" data-id=\"55bd70c\" data-element_type=\"widget\" data-settings=\"{&quot;_animation&quot;:&quot;fadeInDown&quot;}\" data-widget_type=\"text-editor.default\">\n\t\t\t\t<div class=\"elementor-widget-container\">\n\t\t\t\t\t\t\t\t\t<h3 style=\"text-align: center;\">Nuestras Redes Futuras<\/h3>\t\t\t\t\t\t\t\t<\/div>\n\t\t\t\t<\/div>\n\t\t\t\t<div class=\"elementor-element elementor-element-4f15a00 elementor-widget__width-initial animated-slow elementor-widget-divider--view-line elementor-invisible elementor-widget elementor-widget-divider\" data-id=\"4f15a00\" data-element_type=\"widget\" data-settings=\"{&quot;_animation&quot;:&quot;zoomInUp&quot;,&quot;_animation_delay&quot;:200}\" data-widget_type=\"divider.default\">\n\t\t\t\t<div class=\"elementor-widget-container\">\n\t\t\t\t\t\t\t<div class=\"elementor-divider\">\n\t\t\t<span class=\"elementor-divider-separator\">\n\t\t\t\t\t\t<\/span>\n\t\t<\/div>\n\t\t\t\t\t\t<\/div>\n\t\t\t\t<\/div>\n\t\t\t\t<div class=\"elementor-element elementor-element-06fbc06 elementor-invisible elementor-widget elementor-widget-text-editor\" data-id=\"06fbc06\" data-element_type=\"widget\" data-settings=\"{&quot;_animation&quot;:&quot;fadeInRight&quot;}\" data-widget_type=\"text-editor.default\">\n\t\t\t\t<div class=\"elementor-widget-container\">\n\t\t\t\t\t\t\t\t\t<div class=\"group w-full text-gray-800 dark:text-gray-100 border-b border-black\/10 dark:border-gray-900\/50 bg-gray-50 dark:bg-[#444654]\"><div class=\"flex p-4 gap-4 text-base md:gap-6 md:max-w-2xl lg:max-w-[38rem] xl:max-w-3xl md:py-6 lg:px-0 m-auto\"><div class=\"relative flex w-[calc(100%-50px)] flex-col gap-1 md:gap-3 lg:w-[calc(100%-115px)]\"><div class=\"flex flex-grow flex-col gap-3\"><div class=\"min-h-[20px] flex flex-col items-start gap-4 whitespace-pre-wrap break-words\"><div class=\"markdown prose w-full break-words dark:prose-invert light\"><p>En nuestro incansable camino hacia el crecimiento como l\u00edderes en la propiedad de infraestructura de fibra \u00f3ptica, hemos emprendido un proyecto audaz y ambicioso.<\/p><p>\u00a1Nuestra visi\u00f3n es <strong>unir las cabeceras de los cables submarinos y los principales Centros de Procesamiento de Datos (CPDs)<\/strong>, llevando nuestra red a nuevos horizontes! Con la integraci\u00f3n de esta innovadora infraestructura, expandimos nuestras capacidades y ofrecemos una conectividad incomparable.<\/p><p>\u00a1<strong>Prep\u00e1rate para un futuro<\/strong> en el que las posibilidades son infinitas y la velocidad de transmisi\u00f3n es alucinante!<\/p><p>Nuestro compromiso es impulsar el progreso tecnol\u00f3gico, acortar distancias y brindar una experiencia de conectividad sin igual. <strong>\u00a1\u00danete a nosotros en este emocionante viaje hacia una nueva era de comunicaciones de alto rendimiento!<\/strong><\/p><\/div><\/div><\/div><\/div><\/div><\/div>\t\t\t\t\t\t\t\t<\/div>\n\t\t\t\t<\/div>\n\t\t\t\t\t<\/div>\n\t\t<\/div>\n\t\t\t\t\t<\/div>\n\t\t<\/section>\n\t\t\t\t<section class=\"elementor-section elementor-inner-section elementor-element elementor-element-d7a6072 elementor-section-boxed elementor-section-height-default elementor-section-height-default\" data-id=\"d7a6072\" data-element_type=\"section\" id=\"red3\">\n\t\t\t\t\t\t<div class=\"elementor-container elementor-column-gap-default\">\n\t\t\t\t\t<div class=\"elementor-column elementor-col-100 elementor-inner-column elementor-element elementor-element-8260997\" data-id=\"8260997\" data-element_type=\"column\">\n\t\t\t<div class=\"elementor-widget-wrap elementor-element-populated\">\n\t\t\t\t\t\t<div class=\"elementor-element elementor-element-10e42c8 elementor-widget elementor-widget-spacer\" data-id=\"10e42c8\" data-element_type=\"widget\" data-widget_type=\"spacer.default\">\n\t\t\t\t<div class=\"elementor-widget-container\">\n\t\t\t\t\t\t\t<div class=\"elementor-spacer\">\n\t\t\t<div class=\"elementor-spacer-inner\"><\/div>\n\t\t<\/div>\n\t\t\t\t\t\t<\/div>\n\t\t\t\t<\/div>\n\t\t\t\t\t<\/div>\n\t\t<\/div>\n\t\t\t\t\t<\/div>\n\t\t<\/section>\n\t\t\t\t<section class=\"elementor-section elementor-inner-section elementor-element elementor-element-b3a488d elementor-hidden-widescreen elementor-hidden-desktop elementor-hidden-laptop elementor-hidden-tablet_extra elementor-hidden-tablet elementor-hidden-mobile_extra elementor-hidden-mobile elementor-section-boxed elementor-section-height-default elementor-section-height-default elementor-invisible\" data-id=\"b3a488d\" data-element_type=\"section\" data-settings=\"{&quot;animation&quot;:&quot;fadeInRight&quot;}\">\n\t\t\t\t\t\t<div class=\"elementor-container elementor-column-gap-custom\">\n\t\t\t\t\t<div class=\"elementor-column elementor-col-50 elementor-inner-column elementor-element elementor-element-e3b7770\" data-id=\"e3b7770\" data-element_type=\"column\">\n\t\t\t<div class=\"elementor-widget-wrap elementor-element-populated\">\n\t\t\t\t\t\t<div class=\"elementor-element elementor-element-838a893 elementor-hidden-widescreen elementor-hidden-desktop elementor-hidden-laptop elementor-hidden-tablet_extra elementor-hidden-tablet elementor-hidden-mobile_extra elementor-widget elementor-widget-image\" data-id=\"838a893\" data-element_type=\"widget\" data-widget_type=\"image.default\">\n\t\t\t\t<div class=\"elementor-widget-container\">\n\t\t\t\t\t\t\t\t\t\t\t\t\t\t\t<img decoding=\"async\" width=\"2560\" height=\"1463\" src=\"https:\/\/vdi.grupoamper.com\/wp-content\/uploads\/2023\/06\/equipo-laboratorio-computacion-futurista-fila-generado-ia-scaled.jpg\" class=\"attachment-full size-full wp-image-2596\" alt=\"\" srcset=\"https:\/\/vdi.grupoamper.com\/wp-content\/uploads\/2023\/06\/equipo-laboratorio-computacion-futurista-fila-generado-ia-scaled.jpg 2560w, https:\/\/vdi.grupoamper.com\/wp-content\/uploads\/2023\/06\/equipo-laboratorio-computacion-futurista-fila-generado-ia-300x171.jpg 300w, https:\/\/vdi.grupoamper.com\/wp-content\/uploads\/2023\/06\/equipo-laboratorio-computacion-futurista-fila-generado-ia-1024x585.jpg 1024w, https:\/\/vdi.grupoamper.com\/wp-content\/uploads\/2023\/06\/equipo-laboratorio-computacion-futurista-fila-generado-ia-768x439.jpg 768w, https:\/\/vdi.grupoamper.com\/wp-content\/uploads\/2023\/06\/equipo-laboratorio-computacion-futurista-fila-generado-ia-1536x878.jpg 1536w, https:\/\/vdi.grupoamper.com\/wp-content\/uploads\/2023\/06\/equipo-laboratorio-computacion-futurista-fila-generado-ia-2048x1170.jpg 2048w, https:\/\/vdi.grupoamper.com\/wp-content\/uploads\/2023\/06\/equipo-laboratorio-computacion-futurista-fila-generado-ia-18x10.jpg 18w, https:\/\/vdi.grupoamper.com\/wp-content\/uploads\/2023\/06\/equipo-laboratorio-computacion-futurista-fila-generado-ia-2000x1143.jpg 2000w\" sizes=\"100vw\" \/>\t\t\t\t\t\t\t\t\t\t\t\t\t\t\t<\/div>\n\t\t\t\t<\/div>\n\t\t\t\t<div class=\"elementor-element elementor-element-1959ca9 elementor-widget elementor-widget-text-editor\" data-id=\"1959ca9\" data-element_type=\"widget\" data-widget_type=\"text-editor.default\">\n\t\t\t\t<div class=\"elementor-widget-container\">\n\t\t\t\t\t\t\t\t\t<h3 style=\"text-align: center;\">NOC (Network Operations Center)<\/h3>\t\t\t\t\t\t\t\t<\/div>\n\t\t\t\t<\/div>\n\t\t\t\t<div class=\"elementor-element elementor-element-238eae2 elementor-widget__width-initial animated-slow elementor-widget-divider--view-line elementor-invisible elementor-widget elementor-widget-divider\" data-id=\"238eae2\" data-element_type=\"widget\" data-settings=\"{&quot;_animation&quot;:&quot;zoomInUp&quot;,&quot;_animation_delay&quot;:200}\" data-widget_type=\"divider.default\">\n\t\t\t\t<div class=\"elementor-widget-container\">\n\t\t\t\t\t\t\t<div class=\"elementor-divider\">\n\t\t\t<span class=\"elementor-divider-separator\">\n\t\t\t\t\t\t<\/span>\n\t\t<\/div>\n\t\t\t\t\t\t<\/div>\n\t\t\t\t<\/div>\n\t\t\t\t<div class=\"elementor-element elementor-element-4a7bf96 elementor-widget elementor-widget-text-editor\" data-id=\"4a7bf96\" data-element_type=\"widget\" data-widget_type=\"text-editor.default\">\n\t\t\t\t<div class=\"elementor-widget-container\">\n\t\t\t\t\t\t\t\t\t<div class=\"group w-full text-gray-800 dark:text-gray-100 border-b border-black\/10 dark:border-gray-900\/50 bg-gray-50 dark:bg-[#444654]\"><div class=\"flex p-4 gap-4 text-base md:gap-6 md:max-w-2xl lg:max-w-[38rem] xl:max-w-3xl md:py-6 lg:px-0 m-auto\"><div class=\"relative flex w-[calc(100%-50px)] flex-col gap-1 md:gap-3 lg:w-[calc(100%-115px)]\"><div class=\"flex flex-grow flex-col gap-3\"><div class=\"min-h-[20px] flex flex-col items-start gap-4 whitespace-pre-wrap break-words\"><div class=\"markdown prose w-full break-words dark:prose-invert light\"><p>Nuestro emocionante proyecto tiene un claro objetivo: <strong>unir de manera integral los Centros de Operaciones de Red (NOC)<\/strong> m\u00e1s destacados.<\/p><p>Estamos construyendo un NOC de \u00faltima generaci\u00f3n que servir\u00e1 como epicentro de gesti\u00f3n y supervisi\u00f3n de nuestra red global. Con esta integraci\u00f3n, creamos una red hol\u00edstica para un monitoreo continuo, resoluci\u00f3n proactiva de problemas y optimizaci\u00f3n constante.<\/p><p>Proporcionamos <strong>una experiencia excepcional, garantizando disponibilidad ininterrumpida y respuesta \u00e1gil<\/strong>. \u00danete a nosotros en esta traves\u00eda hacia el futuro de las operaciones de red. Con nuestro NOC altamente sofisticado y conectado, nos posicionamos como l\u00edderes en la gesti\u00f3n y supervisi\u00f3n de redes a nivel mundial. Juntos, construiremos un mundo digital m\u00e1s conectado, eficiente y confiable.<\/p><p>Descubre c\u00f3mo la innovaci\u00f3n y el rendimiento se fusionan en nuestro NOC para redefinir el panorama de las operaciones de red.<\/p><\/div><\/div><\/div><\/div><\/div><\/div>\t\t\t\t\t\t\t\t<\/div>\n\t\t\t\t<\/div>\n\t\t\t\t\t<\/div>\n\t\t<\/div>\n\t\t\t\t<div class=\"elementor-column elementor-col-50 elementor-inner-column elementor-element elementor-element-813d1da\" data-id=\"813d1da\" data-element_type=\"column\">\n\t\t\t<div class=\"elementor-widget-wrap elementor-element-populated\">\n\t\t\t\t\t\t<div class=\"elementor-element elementor-element-5fd00d2 elementor-hidden-mobile elementor-widget elementor-widget-image\" data-id=\"5fd00d2\" data-element_type=\"widget\" data-widget_type=\"image.default\">\n\t\t\t\t<div class=\"elementor-widget-container\">\n\t\t\t\t\t\t\t\t\t\t\t\t\t\t\t<img decoding=\"async\" width=\"2560\" height=\"1463\" src=\"https:\/\/vdi.grupoamper.com\/wp-content\/uploads\/2023\/06\/equipo-laboratorio-computacion-futurista-fila-generado-ia-scaled.jpg\" class=\"attachment-full size-full wp-image-2596\" alt=\"\" srcset=\"https:\/\/vdi.grupoamper.com\/wp-content\/uploads\/2023\/06\/equipo-laboratorio-computacion-futurista-fila-generado-ia-scaled.jpg 2560w, https:\/\/vdi.grupoamper.com\/wp-content\/uploads\/2023\/06\/equipo-laboratorio-computacion-futurista-fila-generado-ia-300x171.jpg 300w, https:\/\/vdi.grupoamper.com\/wp-content\/uploads\/2023\/06\/equipo-laboratorio-computacion-futurista-fila-generado-ia-1024x585.jpg 1024w, https:\/\/vdi.grupoamper.com\/wp-content\/uploads\/2023\/06\/equipo-laboratorio-computacion-futurista-fila-generado-ia-768x439.jpg 768w, https:\/\/vdi.grupoamper.com\/wp-content\/uploads\/2023\/06\/equipo-laboratorio-computacion-futurista-fila-generado-ia-1536x878.jpg 1536w, https:\/\/vdi.grupoamper.com\/wp-content\/uploads\/2023\/06\/equipo-laboratorio-computacion-futurista-fila-generado-ia-2048x1170.jpg 2048w, https:\/\/vdi.grupoamper.com\/wp-content\/uploads\/2023\/06\/equipo-laboratorio-computacion-futurista-fila-generado-ia-18x10.jpg 18w, https:\/\/vdi.grupoamper.com\/wp-content\/uploads\/2023\/06\/equipo-laboratorio-computacion-futurista-fila-generado-ia-2000x1143.jpg 2000w\" sizes=\"100vw\" \/>\t\t\t\t\t\t\t\t\t\t\t\t\t\t\t<\/div>\n\t\t\t\t<\/div>\n\t\t\t\t\t<\/div>\n\t\t<\/div>\n\t\t\t\t\t<\/div>\n\t\t<\/section>\n\t\t\t\t\t<\/div>\n\t\t<\/div>\n\t\t\t\t\t<\/div>\n\t\t<\/section>\n\t\t\t\t<\/div>\n\t\t","protected":false},"excerpt":{"rendered":"<p>Redes Nuestras Redes Nuestra\u00a0avanzada infraestructura de fibra \u00f3ptica de \u00faltima generaci\u00f3n\u00a0se extiende a lo largo de importantes carreteras nacionales, como la A2, brindando una conexi\u00f3n ultrarr\u00e1pida y confiable. \u00a1Nuestra visi\u00f3n es unir las cabeceras de los cables submarinos y los principales Centros de Procesamiento de Datos (CPDs), llevando nuestra red a nuevos horizontes! Con la &hellip; <\/p>\n<p class=\"link-more\"><a href=\"https:\/\/vdi.grupoamper.com\/es\/redes\/\" class=\"more-link\">Leer m\u00e1s<span class=\"screen-reader-text\"> \u00abRedes\u00bb<\/span><\/a><\/p>\n","protected":false},"author":5,"featured_media":0,"parent":0,"menu_order":0,"comment_status":"closed","ping_status":"closed","template":"elementor_header_footer","meta":{"footnotes":""},"class_list":["post-2222","page","type-page","status-publish","hentry"],"_links":{"self":[{"href":"https:\/\/vdi.grupoamper.com\/es\/wp-json\/wp\/v2\/pages\/2222","targetHints":{"allow":["GET"]}}],"collection":[{"href":"https:\/\/vdi.grupoamper.com\/es\/wp-json\/wp\/v2\/pages"}],"about":[{"href":"https:\/\/vdi.grupoamper.com\/es\/wp-json\/wp\/v2\/types\/page"}],"author":[{"embeddable":true,"href":"https:\/\/vdi.grupoamper.com\/es\/wp-json\/wp\/v2\/users\/5"}],"replies":[{"embeddable":true,"href":"https:\/\/vdi.grupoamper.com\/es\/wp-json\/wp\/v2\/comments?post=2222"}],"version-history":[{"count":130,"href":"https:\/\/vdi.grupoamper.com\/es\/wp-json\/wp\/v2\/pages\/2222\/revisions"}],"predecessor-version":[{"id":3557,"href":"https:\/\/vdi.grupoamper.com\/es\/wp-json\/wp\/v2\/pages\/2222\/revisions\/3557"}],"wp:attachment":[{"href":"https:\/\/vdi.grupoamper.com\/es\/wp-json\/wp\/v2\/media?parent=2222"}],"curies":[{"name":"wp","href":"https:\/\/api.w.org\/{rel}","templated":true}]}}