{"id":363,"date":"2023-05-24T15:45:19","date_gmt":"2023-05-24T15:45:19","guid":{"rendered":"https:\/\/vdi.grupoamper.com\/?page_id=363"},"modified":"2024-07-05T06:34:48","modified_gmt":"2024-07-05T06:34:48","slug":"unidades-de-negocio","status":"publish","type":"page","link":"https:\/\/vdi.grupoamper.com\/en\/unidades-de-negocio\/","title":{"rendered":"Business units"},"content":{"rendered":"<div data-elementor-type=\"wp-page\" data-elementor-id=\"363\" class=\"elementor elementor-363\" data-elementor-post-type=\"page\">\n\t\t\t\t<div class=\"elementor-element elementor-element-5340dec e-con-full e-flex e-con e-parent\" data-id=\"5340dec\" data-element_type=\"container\" data-settings=\"{&quot;background_background&quot;:&quot;classic&quot;}\">\n\t\t\t\t<div class=\"elementor-element elementor-element-bd963d8 elementor-widget elementor-widget-heading\" data-id=\"bd963d8\" data-element_type=\"widget\" data-widget_type=\"heading.default\">\n\t\t\t\t<div class=\"elementor-widget-container\">\n\t\t\t\t\t<h2 class=\"elementor-heading-title elementor-size-default\">Business Units<\/h2>\t\t\t\t<\/div>\n\t\t\t\t<\/div>\n\t\t\t\t<\/div>\n\t\t\t\t<section class=\"elementor-section elementor-top-section elementor-element elementor-element-4d41184 elementor-section-stretched elementor-section-boxed elementor-section-height-default elementor-section-height-default\" data-id=\"4d41184\" data-element_type=\"section\" id=\"unidad1\" data-settings=\"{&quot;stretch_section&quot;:&quot;section-stretched&quot;}\">\n\t\t\t\t\t\t<div class=\"elementor-container elementor-column-gap-default\">\n\t\t\t\t\t<div class=\"elementor-column elementor-col-20 elementor-top-column elementor-element elementor-element-772e458\" data-id=\"772e458\" data-element_type=\"column\">\n\t\t\t<div class=\"elementor-widget-wrap\">\n\t\t\t\t\t\t\t<\/div>\n\t\t<\/div>\n\t\t\t\t<div class=\"elementor-column elementor-col-20 elementor-top-column elementor-element elementor-element-df417fc\" data-id=\"df417fc\" data-element_type=\"column\">\n\t\t\t<div class=\"elementor-widget-wrap elementor-element-populated\">\n\t\t\t\t\t\t<div class=\"elementor-element elementor-element-a1179ef elementor-widget-tablet_extra__width-initial animated-slow elementor-invisible elementor-widget elementor-widget-image\" data-id=\"a1179ef\" data-element_type=\"widget\" data-settings=\"{&quot;_animation&quot;:&quot;fadeInLeft&quot;}\" data-widget_type=\"image.default\">\n\t\t\t\t<div class=\"elementor-widget-container\">\n\t\t\t\t\t\t\t\t\t\t\t\t\t\t\t<img fetchpriority=\"high\" decoding=\"async\" width=\"950\" height=\"634\" src=\"https:\/\/vdi.grupoamper.com\/wp-content\/uploads\/2023\/06\/fibra-optica-azul-cable-ethernet-1024x683.jpg\" class=\"attachment-large size-large wp-image-1493\" alt=\"\" srcset=\"https:\/\/vdi.grupoamper.com\/wp-content\/uploads\/2023\/06\/fibra-optica-azul-cable-ethernet-1024x683.jpg 1024w, https:\/\/vdi.grupoamper.com\/wp-content\/uploads\/2023\/06\/fibra-optica-azul-cable-ethernet-300x200.jpg 300w, https:\/\/vdi.grupoamper.com\/wp-content\/uploads\/2023\/06\/fibra-optica-azul-cable-ethernet-768x512.jpg 768w, https:\/\/vdi.grupoamper.com\/wp-content\/uploads\/2023\/06\/fibra-optica-azul-cable-ethernet-1536x1024.jpg 1536w, https:\/\/vdi.grupoamper.com\/wp-content\/uploads\/2023\/06\/fibra-optica-azul-cable-ethernet-2048x1365.jpg 2048w, https:\/\/vdi.grupoamper.com\/wp-content\/uploads\/2023\/06\/fibra-optica-azul-cable-ethernet-18x12.jpg 18w, https:\/\/vdi.grupoamper.com\/wp-content\/uploads\/2023\/06\/fibra-optica-azul-cable-ethernet-2000x1333.jpg 2000w\" sizes=\"100vw\" \/>\t\t\t\t\t\t\t\t\t\t\t\t\t\t\t<\/div>\n\t\t\t\t<\/div>\n\t\t\t\t\t<\/div>\n\t\t<\/div>\n\t\t\t\t<div class=\"elementor-column elementor-col-20 elementor-top-column elementor-element elementor-element-952a30d\" data-id=\"952a30d\" data-element_type=\"column\">\n\t\t\t<div class=\"elementor-widget-wrap\">\n\t\t\t\t\t\t\t<\/div>\n\t\t<\/div>\n\t\t\t\t<div class=\"elementor-column elementor-col-20 elementor-top-column elementor-element elementor-element-2e04013\" data-id=\"2e04013\" data-element_type=\"column\">\n\t\t\t<div class=\"elementor-widget-wrap elementor-element-populated\">\n\t\t\t\t\t\t<div class=\"elementor-element elementor-element-a2d6683 animated-slow elementor-invisible elementor-widget elementor-widget-heading\" data-id=\"a2d6683\" data-element_type=\"widget\" data-settings=\"{&quot;_animation&quot;:&quot;fadeInUp&quot;}\" data-widget_type=\"heading.default\">\n\t\t\t\t<div class=\"elementor-widget-container\">\n\t\t\t\t\t<h2 class=\"elementor-heading-title elementor-size-default\">Optical fiber<\/h2>\t\t\t\t<\/div>\n\t\t\t\t<\/div>\n\t\t\t\t<div class=\"elementor-element elementor-element-e5a6727 elementor-widget__width-initial elementor-widget-divider--view-line elementor-widget elementor-widget-divider\" data-id=\"e5a6727\" data-element_type=\"widget\" data-widget_type=\"divider.default\">\n\t\t\t\t<div class=\"elementor-widget-container\">\n\t\t\t\t\t\t\t<div class=\"elementor-divider\">\n\t\t\t<span class=\"elementor-divider-separator\">\n\t\t\t\t\t\t<\/span>\n\t\t<\/div>\n\t\t\t\t\t\t<\/div>\n\t\t\t\t<\/div>\n\t\t\t\t<div class=\"elementor-element elementor-element-2bc5bb4 animated-slow elementor-invisible elementor-widget elementor-widget-text-editor\" data-id=\"2bc5bb4\" data-element_type=\"widget\" data-settings=\"{&quot;_animation&quot;:&quot;fadeInUp&quot;}\" data-widget_type=\"text-editor.default\">\n\t\t\t\t<div class=\"elementor-widget-container\">\n\t\t\t\t\t\t\t\t\t<div class=\"group w-full text-gray-800 dark:text-gray-100 border-b border-black\/10 dark:border-gray-900\/50 bg-gray-50 dark:bg-[#444654]\"><div class=\"flex p-4 gap-4 text-base md:gap-6 md:max-w-2xl lg:max-w-[38rem] xl:max-w-3xl md:py-6 lg:px-0 m-auto\"><div class=\"relative flex w-[calc(100%-50px)] flex-col gap-1 md:gap-3 lg:w-[calc(100%-115px)]\"><div class=\"flex flex-grow flex-col gap-3\"><div class=\"min-h-[20px] flex flex-col items-start gap-4 whitespace-pre-wrap break-words\"><div class=\"markdown prose w-full break-words dark:prose-invert light\"><p class=\"translation-block\">We are proud to offer advanced solutions in <strong>high-speed and reliable connectivity<\/strong> to meet the growing demands of the digital world. Our state-of-the-art <strong>optical fiber infrastructure<\/strong> ensures efficient and low-latency <strong>data transmission<\/strong>, allowing businesses to stay connected and make the most of online opportunities.<\/p><p>Whether you need to connect <strong>remote offices<\/strong>,improve the speed of your existing network or implemen <strong>red de \u00e1rea local (LAN)<\/strong> reliable, our team of experts is ready to advise you and provide customised solutions tailored to your specific needs. We work with the best suppliers of <strong>fibre optic equipment<\/strong> and we make sure to use state-of-the-art technology to ensure maximum performance and security of your net<\/p><\/div><\/div><\/div><\/div><\/div><\/div>\t\t\t\t\t\t\t\t<\/div>\n\t\t\t\t<\/div>\n\t\t\t\t\t<\/div>\n\t\t<\/div>\n\t\t\t\t<div class=\"elementor-column elementor-col-20 elementor-top-column elementor-element elementor-element-b547f65\" data-id=\"b547f65\" data-element_type=\"column\">\n\t\t\t<div class=\"elementor-widget-wrap\">\n\t\t\t\t\t\t\t<\/div>\n\t\t<\/div>\n\t\t\t\t\t<\/div>\n\t\t<\/section>\n\t\t\t\t<section class=\"elementor-section elementor-top-section elementor-element elementor-element-136f57e elementor-section-boxed elementor-section-height-default elementor-section-height-default\" data-id=\"136f57e\" data-element_type=\"section\">\n\t\t\t\t\t\t<div class=\"elementor-container elementor-column-gap-default\">\n\t\t\t\t\t<div class=\"elementor-column elementor-col-100 elementor-top-column elementor-element elementor-element-c3d90e9\" data-id=\"c3d90e9\" data-element_type=\"column\">\n\t\t\t<div class=\"elementor-widget-wrap\">\n\t\t\t\t\t\t\t<\/div>\n\t\t<\/div>\n\t\t\t\t\t<\/div>\n\t\t<\/section>\n\t\t\t\t<section class=\"elementor-section elementor-top-section elementor-element elementor-element-654eb97 elementor-section-boxed elementor-section-height-default elementor-section-height-default\" data-id=\"654eb97\" data-element_type=\"section\">\n\t\t\t\t\t\t<div class=\"elementor-container elementor-column-gap-default\">\n\t\t\t\t\t<div class=\"elementor-column elementor-col-100 elementor-top-column elementor-element elementor-element-ebf222f\" data-id=\"ebf222f\" data-element_type=\"column\">\n\t\t\t<div class=\"elementor-widget-wrap elementor-element-populated\">\n\t\t\t\t\t\t<div class=\"elementor-element elementor-element-1b55837 elementor-widget elementor-widget-spacer\" data-id=\"1b55837\" data-element_type=\"widget\" data-widget_type=\"spacer.default\">\n\t\t\t\t<div class=\"elementor-widget-container\">\n\t\t\t\t\t\t\t<div class=\"elementor-spacer\">\n\t\t\t<div class=\"elementor-spacer-inner\"><\/div>\n\t\t<\/div>\n\t\t\t\t\t\t<\/div>\n\t\t\t\t<\/div>\n\t\t\t\t<div class=\"elementor-element elementor-element-c8f622c elementor-widget elementor-widget-spacer\" data-id=\"c8f622c\" data-element_type=\"widget\" data-widget_type=\"spacer.default\">\n\t\t\t\t<div class=\"elementor-widget-container\">\n\t\t\t\t\t\t\t<div class=\"elementor-spacer\">\n\t\t\t<div class=\"elementor-spacer-inner\"><\/div>\n\t\t<\/div>\n\t\t\t\t\t\t<\/div>\n\t\t\t\t<\/div>\n\t\t\t\t\t<\/div>\n\t\t<\/div>\n\t\t\t\t\t<\/div>\n\t\t<\/section>\n\t\t\t\t<section class=\"elementor-section elementor-top-section elementor-element elementor-element-b9943a6 elementor-section-stretched elementor-section-boxed elementor-section-height-default elementor-section-height-default\" data-id=\"b9943a6\" data-element_type=\"section\" id=\"unidad2\" data-settings=\"{&quot;stretch_section&quot;:&quot;section-stretched&quot;}\">\n\t\t\t\t\t\t<div class=\"elementor-container elementor-column-gap-default\">\n\t\t\t\t\t<div class=\"elementor-column elementor-col-20 elementor-top-column elementor-element elementor-element-f17bd4e\" data-id=\"f17bd4e\" data-element_type=\"column\">\n\t\t\t<div class=\"elementor-widget-wrap elementor-element-populated\">\n\t\t\t\t\t\t<div class=\"elementor-element elementor-element-632b92d animated-slow elementor-widget-tablet_extra__width-initial elementor-hidden-widescreen elementor-hidden-desktop elementor-hidden-laptop elementor-hidden-tablet_extra elementor-hidden-tablet elementor-hidden-mobile_extra elementor-invisible elementor-widget elementor-widget-image\" data-id=\"632b92d\" data-element_type=\"widget\" data-settings=\"{&quot;_animation&quot;:&quot;fadeInLeft&quot;}\" data-widget_type=\"image.default\">\n\t\t\t\t<div class=\"elementor-widget-container\">\n\t\t\t\t\t\t\t\t\t\t\t\t\t\t\t<img decoding=\"async\" width=\"950\" height=\"634\" src=\"https:\/\/vdi.grupoamper.com\/wp-content\/uploads\/2023\/06\/ciudad-inteligente-futurista-tecnologia-red-global-5g-1024x683.jpg\" class=\"attachment-large size-large wp-image-1494\" alt=\"\" srcset=\"https:\/\/vdi.grupoamper.com\/wp-content\/uploads\/2023\/06\/ciudad-inteligente-futurista-tecnologia-red-global-5g-1024x683.jpg 1024w, https:\/\/vdi.grupoamper.com\/wp-content\/uploads\/2023\/06\/ciudad-inteligente-futurista-tecnologia-red-global-5g-300x200.jpg 300w, https:\/\/vdi.grupoamper.com\/wp-content\/uploads\/2023\/06\/ciudad-inteligente-futurista-tecnologia-red-global-5g-768x512.jpg 768w, https:\/\/vdi.grupoamper.com\/wp-content\/uploads\/2023\/06\/ciudad-inteligente-futurista-tecnologia-red-global-5g-1536x1024.jpg 1536w, https:\/\/vdi.grupoamper.com\/wp-content\/uploads\/2023\/06\/ciudad-inteligente-futurista-tecnologia-red-global-5g-2048x1365.jpg 2048w, https:\/\/vdi.grupoamper.com\/wp-content\/uploads\/2023\/06\/ciudad-inteligente-futurista-tecnologia-red-global-5g-18x12.jpg 18w, https:\/\/vdi.grupoamper.com\/wp-content\/uploads\/2023\/06\/ciudad-inteligente-futurista-tecnologia-red-global-5g-2000x1333.jpg 2000w\" sizes=\"100vw\" \/>\t\t\t\t\t\t\t\t\t\t\t\t\t\t\t<\/div>\n\t\t\t\t<\/div>\n\t\t\t\t\t<\/div>\n\t\t<\/div>\n\t\t\t\t<div class=\"elementor-column elementor-col-20 elementor-top-column elementor-element elementor-element-64f3a45\" data-id=\"64f3a45\" data-element_type=\"column\">\n\t\t\t<div class=\"elementor-widget-wrap elementor-element-populated\">\n\t\t\t\t\t\t<div class=\"elementor-element elementor-element-7c30f1d animated-slow elementor-invisible elementor-widget elementor-widget-heading\" data-id=\"7c30f1d\" data-element_type=\"widget\" data-settings=\"{&quot;_animation&quot;:&quot;fadeInUp&quot;}\" data-widget_type=\"heading.default\">\n\t\t\t\t<div class=\"elementor-widget-container\">\n\t\t\t\t\t<h2 class=\"elementor-heading-title elementor-size-default\">Connectivity<\/h2>\t\t\t\t<\/div>\n\t\t\t\t<\/div>\n\t\t\t\t<div class=\"elementor-element elementor-element-f817995 elementor-widget__width-initial elementor-widget-divider--view-line elementor-widget elementor-widget-divider\" data-id=\"f817995\" data-element_type=\"widget\" data-widget_type=\"divider.default\">\n\t\t\t\t<div class=\"elementor-widget-container\">\n\t\t\t\t\t\t\t<div class=\"elementor-divider\">\n\t\t\t<span class=\"elementor-divider-separator\">\n\t\t\t\t\t\t<\/span>\n\t\t<\/div>\n\t\t\t\t\t\t<\/div>\n\t\t\t\t<\/div>\n\t\t\t\t<div class=\"elementor-element elementor-element-d5fa1f9 elementor-widget__width-initial animated-slow elementor-invisible elementor-widget elementor-widget-text-editor\" data-id=\"d5fa1f9\" data-element_type=\"widget\" data-settings=\"{&quot;_animation&quot;:&quot;fadeInUp&quot;}\" data-widget_type=\"text-editor.default\">\n\t\t\t\t<div class=\"elementor-widget-container\">\n\t\t\t\t\t\t\t\t\t<p>In an interconnected and constantly evolving world, we understand the importance of having an <strong>network infrastructure<\/strong> robust and reliable. We specialise in providing solutions for <strong>conectividad<\/strong> agile and scalable, enabling organisations to stay connected to their <strong>branches<\/strong>, clients and business partners in an efficient and secure manner.<\/p><p class=\"translation-block\">Our team of connectivity experts is committed to excellence and works closely with our customers to understand their needs and design customised solutions. Whether you require a virtual private network (VPN), a wide area network (WAN) or a multi-cloud interconnection solution, we can provide you with the most advanced technology and industry best practice.<\/p>\t\t\t\t\t\t\t\t<\/div>\n\t\t\t\t<\/div>\n\t\t\t\t\t<\/div>\n\t\t<\/div>\n\t\t\t\t<div class=\"elementor-column elementor-col-20 elementor-top-column elementor-element elementor-element-05f7300\" data-id=\"05f7300\" data-element_type=\"column\">\n\t\t\t<div class=\"elementor-widget-wrap\">\n\t\t\t\t\t\t\t<\/div>\n\t\t<\/div>\n\t\t\t\t<div class=\"elementor-column elementor-col-20 elementor-top-column elementor-element elementor-element-d28ed80\" data-id=\"d28ed80\" data-element_type=\"column\">\n\t\t\t<div class=\"elementor-widget-wrap elementor-element-populated\">\n\t\t\t\t\t\t<div class=\"elementor-element elementor-element-02f2a0d animated-slow elementor-widget-tablet_extra__width-initial elementor-hidden-mobile elementor-invisible elementor-widget elementor-widget-image\" data-id=\"02f2a0d\" data-element_type=\"widget\" data-settings=\"{&quot;_animation&quot;:&quot;fadeInRight&quot;}\" data-widget_type=\"image.default\">\n\t\t\t\t<div class=\"elementor-widget-container\">\n\t\t\t\t\t\t\t\t\t\t\t\t\t\t\t<img decoding=\"async\" width=\"950\" height=\"634\" src=\"https:\/\/vdi.grupoamper.com\/wp-content\/uploads\/2023\/06\/ciudad-inteligente-futurista-tecnologia-red-global-5g-1024x683.jpg\" class=\"attachment-large size-large wp-image-1494\" alt=\"\" srcset=\"https:\/\/vdi.grupoamper.com\/wp-content\/uploads\/2023\/06\/ciudad-inteligente-futurista-tecnologia-red-global-5g-1024x683.jpg 1024w, https:\/\/vdi.grupoamper.com\/wp-content\/uploads\/2023\/06\/ciudad-inteligente-futurista-tecnologia-red-global-5g-300x200.jpg 300w, https:\/\/vdi.grupoamper.com\/wp-content\/uploads\/2023\/06\/ciudad-inteligente-futurista-tecnologia-red-global-5g-768x512.jpg 768w, https:\/\/vdi.grupoamper.com\/wp-content\/uploads\/2023\/06\/ciudad-inteligente-futurista-tecnologia-red-global-5g-1536x1024.jpg 1536w, https:\/\/vdi.grupoamper.com\/wp-content\/uploads\/2023\/06\/ciudad-inteligente-futurista-tecnologia-red-global-5g-2048x1365.jpg 2048w, https:\/\/vdi.grupoamper.com\/wp-content\/uploads\/2023\/06\/ciudad-inteligente-futurista-tecnologia-red-global-5g-18x12.jpg 18w, https:\/\/vdi.grupoamper.com\/wp-content\/uploads\/2023\/06\/ciudad-inteligente-futurista-tecnologia-red-global-5g-2000x1333.jpg 2000w\" sizes=\"100vw\" \/>\t\t\t\t\t\t\t\t\t\t\t\t\t\t\t<\/div>\n\t\t\t\t<\/div>\n\t\t\t\t\t<\/div>\n\t\t<\/div>\n\t\t\t\t<div class=\"elementor-column elementor-col-20 elementor-top-column elementor-element elementor-element-7dfcd87\" data-id=\"7dfcd87\" data-element_type=\"column\">\n\t\t\t<div class=\"elementor-widget-wrap\">\n\t\t\t\t\t\t\t<\/div>\n\t\t<\/div>\n\t\t\t\t\t<\/div>\n\t\t<\/section>\n\t\t\t\t<section class=\"elementor-section elementor-top-section elementor-element elementor-element-825c055 elementor-section-boxed elementor-section-height-default elementor-section-height-default\" data-id=\"825c055\" data-element_type=\"section\">\n\t\t\t\t\t\t<div class=\"elementor-container elementor-column-gap-default\">\n\t\t\t\t\t<div class=\"elementor-column elementor-col-100 elementor-top-column elementor-element elementor-element-ca97ec7\" data-id=\"ca97ec7\" data-element_type=\"column\">\n\t\t\t<div class=\"elementor-widget-wrap elementor-element-populated\">\n\t\t\t\t\t\t<div class=\"elementor-element elementor-element-50c7f56 elementor-widget elementor-widget-spacer\" data-id=\"50c7f56\" data-element_type=\"widget\" data-widget_type=\"spacer.default\">\n\t\t\t\t<div class=\"elementor-widget-container\">\n\t\t\t\t\t\t\t<div class=\"elementor-spacer\">\n\t\t\t<div class=\"elementor-spacer-inner\"><\/div>\n\t\t<\/div>\n\t\t\t\t\t\t<\/div>\n\t\t\t\t<\/div>\n\t\t\t\t<div class=\"elementor-element elementor-element-498b24d elementor-widget elementor-widget-spacer\" data-id=\"498b24d\" data-element_type=\"widget\" data-widget_type=\"spacer.default\">\n\t\t\t\t<div class=\"elementor-widget-container\">\n\t\t\t\t\t\t\t<div class=\"elementor-spacer\">\n\t\t\t<div class=\"elementor-spacer-inner\"><\/div>\n\t\t<\/div>\n\t\t\t\t\t\t<\/div>\n\t\t\t\t<\/div>\n\t\t\t\t\t<\/div>\n\t\t<\/div>\n\t\t\t\t\t<\/div>\n\t\t<\/section>\n\t\t\t\t<section class=\"elementor-section elementor-top-section elementor-element elementor-element-016bd84 elementor-section-stretched elementor-section-boxed elementor-section-height-default elementor-section-height-default\" data-id=\"016bd84\" data-element_type=\"section\" id=\"unidad3\" data-settings=\"{&quot;stretch_section&quot;:&quot;section-stretched&quot;}\">\n\t\t\t\t\t\t<div class=\"elementor-container elementor-column-gap-default\">\n\t\t\t\t\t<div class=\"elementor-column elementor-col-20 elementor-top-column elementor-element elementor-element-f19d5b5\" data-id=\"f19d5b5\" data-element_type=\"column\">\n\t\t\t<div class=\"elementor-widget-wrap\">\n\t\t\t\t\t\t\t<\/div>\n\t\t<\/div>\n\t\t\t\t<div class=\"elementor-column elementor-col-20 elementor-top-column elementor-element elementor-element-aca17ab\" data-id=\"aca17ab\" data-element_type=\"column\">\n\t\t\t<div class=\"elementor-widget-wrap elementor-element-populated\">\n\t\t\t\t\t\t<div class=\"elementor-element elementor-element-df1d4df animated-slow elementor-widget-tablet_extra__width-initial elementor-invisible elementor-widget elementor-widget-image\" data-id=\"df1d4df\" data-element_type=\"widget\" data-settings=\"{&quot;_animation&quot;:&quot;fadeInLeft&quot;}\" data-widget_type=\"image.default\">\n\t\t\t\t<div class=\"elementor-widget-container\">\n\t\t\t\t\t\t\t\t\t\t\t\t\t\t\t<img decoding=\"async\" width=\"950\" height=\"634\" src=\"https:\/\/vdi.grupoamper.com\/wp-content\/uploads\/2023\/06\/tecnologia-seguridad-cctv-icono-candado-remezcla-digital-1024x683.jpg\" class=\"attachment-large size-large wp-image-1495\" alt=\"\" srcset=\"https:\/\/vdi.grupoamper.com\/wp-content\/uploads\/2023\/06\/tecnologia-seguridad-cctv-icono-candado-remezcla-digital-1024x683.jpg 1024w, https:\/\/vdi.grupoamper.com\/wp-content\/uploads\/2023\/06\/tecnologia-seguridad-cctv-icono-candado-remezcla-digital-300x200.jpg 300w, https:\/\/vdi.grupoamper.com\/wp-content\/uploads\/2023\/06\/tecnologia-seguridad-cctv-icono-candado-remezcla-digital-768x512.jpg 768w, https:\/\/vdi.grupoamper.com\/wp-content\/uploads\/2023\/06\/tecnologia-seguridad-cctv-icono-candado-remezcla-digital-1536x1024.jpg 1536w, https:\/\/vdi.grupoamper.com\/wp-content\/uploads\/2023\/06\/tecnologia-seguridad-cctv-icono-candado-remezcla-digital-2048x1365.jpg 2048w, https:\/\/vdi.grupoamper.com\/wp-content\/uploads\/2023\/06\/tecnologia-seguridad-cctv-icono-candado-remezcla-digital-18x12.jpg 18w, https:\/\/vdi.grupoamper.com\/wp-content\/uploads\/2023\/06\/tecnologia-seguridad-cctv-icono-candado-remezcla-digital-2000x1333.jpg 2000w\" sizes=\"100vw\" \/>\t\t\t\t\t\t\t\t\t\t\t\t\t\t\t<\/div>\n\t\t\t\t<\/div>\n\t\t\t\t\t<\/div>\n\t\t<\/div>\n\t\t\t\t<div class=\"elementor-column elementor-col-20 elementor-top-column elementor-element elementor-element-10472df\" data-id=\"10472df\" data-element_type=\"column\">\n\t\t\t<div class=\"elementor-widget-wrap\">\n\t\t\t\t\t\t\t<\/div>\n\t\t<\/div>\n\t\t\t\t<div class=\"elementor-column elementor-col-20 elementor-top-column elementor-element elementor-element-b3e093c\" data-id=\"b3e093c\" data-element_type=\"column\">\n\t\t\t<div class=\"elementor-widget-wrap elementor-element-populated\">\n\t\t\t\t\t\t<div class=\"elementor-element elementor-element-c43cbac animated-slow elementor-invisible elementor-widget elementor-widget-heading\" data-id=\"c43cbac\" data-element_type=\"widget\" data-settings=\"{&quot;_animation&quot;:&quot;fadeInUp&quot;}\" data-widget_type=\"heading.default\">\n\t\t\t\t<div class=\"elementor-widget-container\">\n\t\t\t\t\t<h2 class=\"elementor-heading-title elementor-size-default\">CCTV - Cloud<\/h2>\t\t\t\t<\/div>\n\t\t\t\t<\/div>\n\t\t\t\t<div class=\"elementor-element elementor-element-d965dd9 elementor-widget__width-initial elementor-widget-divider--view-line elementor-widget elementor-widget-divider\" data-id=\"d965dd9\" data-element_type=\"widget\" data-widget_type=\"divider.default\">\n\t\t\t\t<div class=\"elementor-widget-container\">\n\t\t\t\t\t\t\t<div class=\"elementor-divider\">\n\t\t\t<span class=\"elementor-divider-separator\">\n\t\t\t\t\t\t<\/span>\n\t\t<\/div>\n\t\t\t\t\t\t<\/div>\n\t\t\t\t<\/div>\n\t\t\t\t<div class=\"elementor-element elementor-element-c9810f7 animated-slow elementor-invisible elementor-widget elementor-widget-text-editor\" data-id=\"c9810f7\" data-element_type=\"widget\" data-settings=\"{&quot;_animation&quot;:&quot;fadeInUp&quot;}\" data-widget_type=\"text-editor.default\">\n\t\t\t\t<div class=\"elementor-widget-container\">\n\t\t\t\t\t\t\t\t\t<div class=\"group w-full text-gray-800 dark:text-gray-100 border-b border-black\/10 dark:border-gray-900\/50 bg-gray-50 dark:bg-[#444654]\"><div class=\"flex p-4 gap-4 text-base md:gap-6 md:max-w-2xl lg:max-w-[38rem] xl:max-w-3xl md:py-6 lg:px-0 m-auto\"><div class=\"relative flex w-[calc(100%-50px)] flex-col gap-1 md:gap-3 lg:w-[calc(100%-115px)]\"><div class=\"flex flex-grow flex-col gap-3\"><div class=\"min-h-[20px] flex flex-col items-start gap-4 whitespace-pre-wrap break-words\"><div class=\"markdown prose w-full break-words dark:prose-invert light\"><p class=\"translation-block\">We know that security is a top priority for any business and home, and we are committed to providing state-of-the-art <strong>surveillance<\/strong> solutions that provide peace of mind and protection.<\/p><p class=\"translation-block\">Our team of trained professionals specialise in the implementation of <strong>closed-circuit television (CCTV) systems<\/strong> that use advanced technology and high-resolution cameras to monitor and record events in real time. \nIn addition, we offer <strong>cloud solutions<\/strong> that allow secure remote access to images and recordings, giving you full control and visibility over your environment.<\/p><\/div><\/div><\/div><\/div><\/div><\/div>\t\t\t\t\t\t\t\t<\/div>\n\t\t\t\t<\/div>\n\t\t\t\t\t<\/div>\n\t\t<\/div>\n\t\t\t\t<div class=\"elementor-column elementor-col-20 elementor-top-column elementor-element elementor-element-31081c3\" data-id=\"31081c3\" data-element_type=\"column\">\n\t\t\t<div class=\"elementor-widget-wrap\">\n\t\t\t\t\t\t\t<\/div>\n\t\t<\/div>\n\t\t\t\t\t<\/div>\n\t\t<\/section>\n\t\t\t\t<section class=\"elementor-section elementor-top-section elementor-element elementor-element-6c21eca elementor-section-boxed elementor-section-height-default elementor-section-height-default\" data-id=\"6c21eca\" data-element_type=\"section\">\n\t\t\t\t\t\t<div class=\"elementor-container elementor-column-gap-default\">\n\t\t\t\t\t<div class=\"elementor-column elementor-col-100 elementor-top-column elementor-element elementor-element-afe2bb6\" data-id=\"afe2bb6\" data-element_type=\"column\">\n\t\t\t<div class=\"elementor-widget-wrap elementor-element-populated\">\n\t\t\t\t\t\t<div class=\"elementor-element elementor-element-ae3f060 elementor-widget elementor-widget-spacer\" data-id=\"ae3f060\" data-element_type=\"widget\" data-widget_type=\"spacer.default\">\n\t\t\t\t<div class=\"elementor-widget-container\">\n\t\t\t\t\t\t\t<div class=\"elementor-spacer\">\n\t\t\t<div class=\"elementor-spacer-inner\"><\/div>\n\t\t<\/div>\n\t\t\t\t\t\t<\/div>\n\t\t\t\t<\/div>\n\t\t\t\t\t<\/div>\n\t\t<\/div>\n\t\t\t\t\t<\/div>\n\t\t<\/section>\n\t\t\t\t<\/div>","protected":false},"excerpt":{"rendered":"<p>Unidades de Negocio Fibra \u00f3ptica Nos enorgullece ofrecer soluciones avanzadas en conectividad de alta velocidad y confiabilidad para satisfacer las demandas crecientes del mundo digital. Nuestra infraestructura de fibra \u00f3ptica de vanguardia garantiza una transmisi\u00f3n de datos eficiente y de baja latencia, permitiendo a las empresas mantenerse conectadas y aprovechar al m\u00e1ximo las oportunidades en &hellip; <\/p>\n<p class=\"link-more\"><a href=\"https:\/\/vdi.grupoamper.com\/en\/unidades-de-negocio\/\" class=\"more-link\">Read more<span class=\"screen-reader-text\"> \u00abUnidades de negocio\u00bb<\/span><\/a><\/p>","protected":false},"author":5,"featured_media":0,"parent":0,"menu_order":0,"comment_status":"closed","ping_status":"closed","template":"page-templates\/no-title.php","meta":{"footnotes":""},"class_list":["post-363","page","type-page","status-publish","hentry"],"_links":{"self":[{"href":"https:\/\/vdi.grupoamper.com\/en\/wp-json\/wp\/v2\/pages\/363","targetHints":{"allow":["GET"]}}],"collection":[{"href":"https:\/\/vdi.grupoamper.com\/en\/wp-json\/wp\/v2\/pages"}],"about":[{"href":"https:\/\/vdi.grupoamper.com\/en\/wp-json\/wp\/v2\/types\/page"}],"author":[{"embeddable":true,"href":"https:\/\/vdi.grupoamper.com\/en\/wp-json\/wp\/v2\/users\/5"}],"replies":[{"embeddable":true,"href":"https:\/\/vdi.grupoamper.com\/en\/wp-json\/wp\/v2\/comments?post=363"}],"version-history":[{"count":160,"href":"https:\/\/vdi.grupoamper.com\/en\/wp-json\/wp\/v2\/pages\/363\/revisions"}],"predecessor-version":[{"id":3690,"href":"https:\/\/vdi.grupoamper.com\/en\/wp-json\/wp\/v2\/pages\/363\/revisions\/3690"}],"wp:attachment":[{"href":"https:\/\/vdi.grupoamper.com\/en\/wp-json\/wp\/v2\/media?parent=363"}],"curies":[{"name":"wp","href":"https:\/\/api.w.org\/{rel}","templated":true}]}}