{"id":3595,"date":"2023-12-22T09:04:31","date_gmt":"2023-12-22T09:04:31","guid":{"rendered":"https:\/\/vdi.grupoamper.com\/?page_id=3595"},"modified":"2023-12-22T09:18:58","modified_gmt":"2023-12-22T09:18:58","slug":"canal-de-denuncias","status":"publish","type":"page","link":"https:\/\/vdi.grupoamper.com\/en\/canal-de-denuncias\/","title":{"rendered":"Canal de Denuncias"},"content":{"rendered":"<div data-elementor-type=\"wp-page\" data-elementor-id=\"3595\" class=\"elementor elementor-3595\" data-elementor-post-type=\"page\">\n\t\t\t\t<div class=\"elementor-element elementor-element-9c69339 e-flex e-con-boxed e-con e-parent\" data-id=\"9c69339\" data-element_type=\"container\" data-settings=\"{&quot;background_background&quot;:&quot;classic&quot;}\">\n\t\t\t\t\t<div class=\"e-con-inner\">\n\t\t\t\t<div class=\"elementor-element elementor-element-daccfeb elementor-widget elementor-widget-heading\" data-id=\"daccfeb\" data-element_type=\"widget\" data-widget_type=\"heading.default\">\n\t\t\t\t<div class=\"elementor-widget-container\">\n\t\t\t\t\t<h2 class=\"elementor-heading-title elementor-size-default\">Canal de Denuncias<\/h2>\t\t\t\t<\/div>\n\t\t\t\t<\/div>\n\t\t\t\t\t<\/div>\n\t\t\t\t<\/div>\n\t\t<div class=\"elementor-element elementor-element-957b780 e-con-full e-flex e-con e-parent\" data-id=\"957b780\" data-element_type=\"container\" data-settings=\"{&quot;background_background&quot;:&quot;classic&quot;}\">\n\t\t\t\t<div class=\"elementor-element elementor-element-cbc32fc elementor-widget elementor-widget-text-editor\" data-id=\"cbc32fc\" data-element_type=\"widget\" data-widget_type=\"text-editor.default\">\n\t\t\t\t<div class=\"elementor-widget-container\">\n\t\t\t\t\t\t\t\t\t<p>VDI CHANNEL SPAIN S.L. sociedad del GRUPO AMPER, est\u00e1 comprometido con el cumplimiento de la legalidad y la prevenci\u00f3n de infracciones en el\u00a0<span style=\"color: var( --e-global-color-text ); letter-spacing: 0px; text-align: var(--text-align);\">desarrollo de las actividades de sus sociedades, promueve una cultura de \u00abtolerancia cero\u00bb hacia la corrupci\u00f3n y el fraude, generando un entorno de transparencia y fomentando el respeto de la legalidad y las normas de conducta establecidas en su C\u00f3digo \u00c9tico. Para este fin, GRUPO AMPER ha dispuesto el <strong>Canal de denuncias<\/strong> como medio a trav\u00e9s del cual pueden informarse, de manera an\u00f3nima y confidencial, conductas sucedidas en el desarrollo de la actividad del grupo y que sean susceptibles de ser contrarias a la ley o a su normativa interna.<\/span><\/p><p>El Canal de denuncias est\u00e1 dise\u00f1ado y se gestiona cumpliendo estrictamente las exigencias legales de disponibilidad, confidencialidad de la identidad del informante y terceros aludidos, as\u00ed como de las investigaciones que pudieren realizarse, efectividad, procedimiento de investigaci\u00f3n, desarrollada mediante la pol\u00edtica y procedimientos pertinentes y protecci\u00f3n del informante.<\/p>\t\t\t\t\t\t\t\t<\/div>\n\t\t\t\t<\/div>\n\t\t\t\t<div class=\"elementor-element elementor-element-371f8e2 elementor-align-center elementor-widget elementor-widget-button\" data-id=\"371f8e2\" data-element_type=\"widget\" data-widget_type=\"button.default\">\n\t\t\t\t<div class=\"elementor-widget-container\">\n\t\t\t\t\t\t\t\t\t<div class=\"elementor-button-wrapper\">\n\t\t\t\t\t<a class=\"elementor-button elementor-button-link elementor-size-xl\" href=\"https:\/\/centinela.lefebvre.es\/public\/concept\/1908857?access=Co1qIglJzZ7BoYo8HRGui1ef8wq4tNBNh7dxalEndGg%3D\" target=\"_blank\" rel=\"noopener\">\n\t\t\t\t\t\t<span class=\"elementor-button-content-wrapper\">\n\t\t\t\t\t\t\t\t\t<span class=\"elementor-button-text\">DENUNCIA<\/span>\n\t\t\t\t\t<\/span>\n\t\t\t\t\t<\/a>\n\t\t\t\t<\/div>\n\t\t\t\t\t\t\t\t<\/div>\n\t\t\t\t<\/div>\n\t\t\t\t<\/div>\n\t\t<div class=\"elementor-element elementor-element-d341641 e-flex e-con-boxed e-con e-parent\" data-id=\"d341641\" data-element_type=\"container\">\n\t\t\t\t\t<div class=\"e-con-inner\">\n\t\t<div class=\"elementor-element elementor-element-f13c223 e-flex e-con-boxed e-con e-parent\" data-id=\"f13c223\" data-element_type=\"container\">\n\t\t\t\t\t<div class=\"e-con-inner\">\n\t\t<div class=\"elementor-element elementor-element-4a5286c e-flex e-con-boxed e-con e-parent\" data-id=\"4a5286c\" data-element_type=\"container\">\n\t\t\t\t\t<div class=\"e-con-inner\">\n\t\t\t\t<div class=\"elementor-element elementor-element-5562cb3 elementor-widget elementor-widget-heading\" data-id=\"5562cb3\" data-element_type=\"widget\" data-widget_type=\"heading.default\">\n\t\t\t\t<div class=\"elementor-widget-container\">\n\t\t\t\t\t<h2 class=\"elementor-heading-title elementor-size-default\">\u00bfQui\u00e9n puede denunciar?<\/h2>\t\t\t\t<\/div>\n\t\t\t\t<\/div>\n\t\t\t\t<div class=\"elementor-element elementor-element-99f61e5 elementor-widget elementor-widget-text-editor\" data-id=\"99f61e5\" data-element_type=\"widget\" data-widget_type=\"text-editor.default\">\n\t\t\t\t<div class=\"elementor-widget-container\">\n\t\t\t\t\t\t\t\t\t<p>El Canal de denuncias del GRUPO AMPER est\u00e1 abierto a todos los empleados, becarios, candidatos a puestos de trabajo, empleados cuya relaci\u00f3n laboral haya finalizado, proveedores, clientes, accionistas y cualquier persona que trabaje bajo la supervisi\u00f3n y la direcci\u00f3n de contratista o subcontratista de cualquier sociedad del GRUPO AMPER.<\/p>\t\t\t\t\t\t\t\t<\/div>\n\t\t\t\t<\/div>\n\t\t\t\t\t<\/div>\n\t\t\t\t<\/div>\n\t\t<div class=\"elementor-element elementor-element-e7c45eb e-flex e-con-boxed e-con e-parent\" data-id=\"e7c45eb\" data-element_type=\"container\">\n\t\t\t\t\t<div class=\"e-con-inner\">\n\t\t\t\t<div class=\"elementor-element elementor-element-559502e elementor-widget elementor-widget-heading\" data-id=\"559502e\" data-element_type=\"widget\" data-widget_type=\"heading.default\">\n\t\t\t\t<div class=\"elementor-widget-container\">\n\t\t\t\t\t<h2 class=\"elementor-heading-title elementor-size-default\">\u00bfQu\u00e9 puede denunciarse?<\/h2>\t\t\t\t<\/div>\n\t\t\t\t<\/div>\n\t\t\t\t<div class=\"elementor-element elementor-element-ad13015 elementor-widget elementor-widget-text-editor\" data-id=\"ad13015\" data-element_type=\"widget\" data-widget_type=\"text-editor.default\">\n\t\t\t\t<div class=\"elementor-widget-container\">\n\t\t\t\t\t\t\t\t\t<p>El Canal de denuncias del GRUPO AMPER tiene por objeto servir de medio para comunicar cualquier situaci\u00f3n o indicio que implique la comisi\u00f3n de una infracci\u00f3n legal, un incumplimiento de la legislaci\u00f3n vigente, una trasgresi\u00f3n de los principios del C\u00f3digo \u00c9tico o un incumplimiento grave de la normativa interna.<\/p>\t\t\t\t\t\t\t\t<\/div>\n\t\t\t\t<\/div>\n\t\t\t\t\t<\/div>\n\t\t\t\t<\/div>\n\t\t<div class=\"elementor-element elementor-element-6bed57d e-flex e-con-boxed e-con e-parent\" data-id=\"6bed57d\" data-element_type=\"container\">\n\t\t\t\t\t<div class=\"e-con-inner\">\n\t\t<div class=\"elementor-element elementor-element-ca6e7b3 e-flex e-con-boxed e-con e-parent\" data-id=\"ca6e7b3\" data-element_type=\"container\">\n\t\t\t\t\t<div class=\"e-con-inner\">\n\t\t\t\t<div class=\"elementor-element elementor-element-e68a53f elementor-widget elementor-widget-heading\" data-id=\"e68a53f\" data-element_type=\"widget\" data-widget_type=\"heading.default\">\n\t\t\t\t<div class=\"elementor-widget-container\">\n\t\t\t\t\t<h2 class=\"elementor-heading-title elementor-size-default\">\u00bfC\u00f3mo puede denunciarse<\/h2>\t\t\t\t<\/div>\n\t\t\t\t<\/div>\n\t\t\t\t<div class=\"elementor-element elementor-element-003b5e6 elementor-widget elementor-widget-text-editor\" data-id=\"003b5e6\" data-element_type=\"widget\" data-widget_type=\"text-editor.default\">\n\t\t\t\t<div class=\"elementor-widget-container\">\n\t\t\t\t\t\t\t\t\t<p>El GRUPO AMPER pone a disposici\u00f3n de los interesados la posibilidad de formular comunicaciones sobre posibles irregularidades pinchando en el enlace contenido en el recuadro <strong>DENUNCIA<\/strong>. Una vez realizada la comunicaci\u00f3n, se le asignar\u00e1 un n\u00famero de referencia y un c\u00f3digo de seguimiento para poder consultar el estado de su denuncia, as\u00ed como proporcionar informaci\u00f3n adicional.<\/p>\t\t\t\t\t\t\t\t<\/div>\n\t\t\t\t<\/div>\n\t\t\t\t\t<\/div>\n\t\t\t\t<\/div>\n\t\t\t\t\t<\/div>\n\t\t\t\t<\/div>\n\t\t\t\t\t<\/div>\n\t\t\t\t<\/div>\n\t\t\t\t\t<\/div>\n\t\t\t\t<\/div>\n\t\t<div class=\"elementor-element elementor-element-e3ea2ac e-flex e-con-boxed e-con e-parent\" data-id=\"e3ea2ac\" data-element_type=\"container\">\n\t\t\t\t\t<div class=\"e-con-inner\">\n\t\t\t\t<div class=\"elementor-element elementor-element-c5dca89 elementor-widget elementor-widget-heading\" data-id=\"c5dca89\" data-element_type=\"widget\" data-widget_type=\"heading.default\">\n\t\t\t\t<div class=\"elementor-widget-container\">\n\t\t\t\t\t<h2 class=\"elementor-heading-title elementor-size-default\">Mis derechos<\/h2>\t\t\t\t<\/div>\n\t\t\t\t<\/div>\n\t\t\t\t<div class=\"elementor-element elementor-element-a7adda4 elementor-widget elementor-widget-text-editor\" data-id=\"a7adda4\" data-element_type=\"widget\" data-widget_type=\"text-editor.default\">\n\t\t\t\t<div class=\"elementor-widget-container\">\n\t\t\t\t\t\t\t\t\t<p>El Canal de denuncias del GRUPO AMPER velar\u00e1 siempre por los derechos de los informantes, como son:<\/p><ul><li>Las comunicaciones tienen car\u00e1cter confidencial<\/li><li>Que su identidad no sea revelada.<\/li><li>Las comunicaciones pueden realizarse de forma an\u00f3nima.<\/li><li>A la presunci\u00f3n de inocencia, derecho de defensa y derecho de acceso al expediente.<\/li><li>A recibir acuse de recibo de la comunicaci\u00f3n que efect\u00fae y de la decisi\u00f3n que se adopte sobre el inicio o no de la investigaci\u00f3n siempre que designe una direcci\u00f3n al efecto.<\/li><li>A recibir informaci\u00f3n en materia de protecci\u00f3n de datos.<\/li><li>A ser informado sobre las medidas de protecci\u00f3n y apoyo como informante.<\/li><li>A ser informado de la tramitaci\u00f3n del expediente.<\/li><li>A ser informado de la existencia de otros sistemas externos de informaci\u00f3n<\/li><\/ul>\t\t\t\t\t\t\t\t<\/div>\n\t\t\t\t<\/div>\n\t\t\t\t\t<\/div>\n\t\t\t\t<\/div>\n\t\t\t\t<\/div>","protected":false},"excerpt":{"rendered":"<p>Canal de Denuncias VDI CHANNEL SPAIN S.L. sociedad del GRUPO AMPER, est\u00e1 comprometido con el cumplimiento de la legalidad y la prevenci\u00f3n de infracciones en el\u00a0desarrollo de las actividades de sus sociedades, promueve una cultura de \u00abtolerancia cero\u00bb hacia la corrupci\u00f3n y el fraude, generando un entorno de transparencia y fomentando el respeto de la &hellip; <\/p>\n<p class=\"link-more\"><a href=\"https:\/\/vdi.grupoamper.com\/en\/canal-de-denuncias\/\" class=\"more-link\">Read more<span class=\"screen-reader-text\"> \u00abCanal de Denuncias\u00bb<\/span><\/a><\/p>","protected":false},"author":5,"featured_media":0,"parent":0,"menu_order":0,"comment_status":"closed","ping_status":"closed","template":"elementor_header_footer","meta":{"footnotes":""},"class_list":["post-3595","page","type-page","status-publish","hentry"],"_links":{"self":[{"href":"https:\/\/vdi.grupoamper.com\/en\/wp-json\/wp\/v2\/pages\/3595","targetHints":{"allow":["GET"]}}],"collection":[{"href":"https:\/\/vdi.grupoamper.com\/en\/wp-json\/wp\/v2\/pages"}],"about":[{"href":"https:\/\/vdi.grupoamper.com\/en\/wp-json\/wp\/v2\/types\/page"}],"author":[{"embeddable":true,"href":"https:\/\/vdi.grupoamper.com\/en\/wp-json\/wp\/v2\/users\/5"}],"replies":[{"embeddable":true,"href":"https:\/\/vdi.grupoamper.com\/en\/wp-json\/wp\/v2\/comments?post=3595"}],"version-history":[{"count":13,"href":"https:\/\/vdi.grupoamper.com\/en\/wp-json\/wp\/v2\/pages\/3595\/revisions"}],"predecessor-version":[{"id":3610,"href":"https:\/\/vdi.grupoamper.com\/en\/wp-json\/wp\/v2\/pages\/3595\/revisions\/3610"}],"wp:attachment":[{"href":"https:\/\/vdi.grupoamper.com\/en\/wp-json\/wp\/v2\/media?parent=3595"}],"curies":[{"name":"wp","href":"https:\/\/api.w.org\/{rel}","templated":true}]}}