{"id":3,"date":"2022-07-11T06:01:13","date_gmt":"2022-07-11T06:01:13","guid":{"rendered":"https:\/\/vdi.grupoamper.com\/?page_id=3"},"modified":"2023-11-13T07:40:01","modified_gmt":"2023-11-13T07:40:01","slug":"politica-de-privacidad","status":"publish","type":"page","link":"https:\/\/vdi.grupoamper.com\/en\/politica-de-privacidad\/","title":{"rendered":"Politica de privacidad"},"content":{"rendered":"<div data-elementor-type=\"wp-page\" data-elementor-id=\"3\" class=\"elementor elementor-3\" data-elementor-post-type=\"page\">\n\t\t\t\t\t\t<section class=\"elementor-section elementor-top-section elementor-element elementor-element-618905fa elementor-section-boxed elementor-section-height-default elementor-section-height-default\" data-id=\"618905fa\" data-element_type=\"section\">\n\t\t\t\t\t\t<div class=\"elementor-container elementor-column-gap-default\">\n\t\t\t\t\t<div class=\"elementor-column elementor-col-100 elementor-top-column elementor-element elementor-element-71c33016\" data-id=\"71c33016\" data-element_type=\"column\">\n\t\t\t<div class=\"elementor-widget-wrap elementor-element-populated\">\n\t\t\t\t\t\t<div class=\"elementor-element elementor-element-384657b elementor-widget elementor-widget-spacer\" data-id=\"384657b\" data-element_type=\"widget\" data-widget_type=\"spacer.default\">\n\t\t\t\t<div class=\"elementor-widget-container\">\n\t\t\t\t\t\t\t<div class=\"elementor-spacer\">\n\t\t\t<div class=\"elementor-spacer-inner\"><\/div>\n\t\t<\/div>\n\t\t\t\t\t\t<\/div>\n\t\t\t\t<\/div>\n\t\t\t\t<div class=\"elementor-element elementor-element-ab7e9c5 elementor-widget elementor-widget-heading\" data-id=\"ab7e9c5\" data-element_type=\"widget\" data-widget_type=\"heading.default\">\n\t\t\t\t<div class=\"elementor-widget-container\">\n\t\t\t\t\t<h2 class=\"elementor-heading-title elementor-size-default\">Politica de Privacidad<\/h2>\t\t\t\t<\/div>\n\t\t\t\t<\/div>\n\t\t\t\t<div class=\"elementor-element elementor-element-3840521f elementor-widget elementor-widget-text-editor\" data-id=\"3840521f\" data-element_type=\"widget\" data-widget_type=\"text-editor.default\">\n\t\t\t\t<div class=\"elementor-widget-container\">\n\t\t\t\t\t\t\t\t\t<ol><li><strong> Responsable del tratamiento<\/strong><\/li><\/ol><p>El responsable final del tratamiento es VDI CHANNEL SPAIN, S.L. con NIF B87420626 y domicilio social en calle Virgilio, 2, edificio 4, Pozuelo de Alarc\u00f3n C.P. 28223 (Madrid). Puede ponerse en contacto con nosotros a trav\u00e9s del correo electr\u00f3nico\u00a0<a href=\"mailto:protecciondedatos@grupoamper.com\">protecciondedatos@grupoamper.com<\/a><\/p><ol start=\"2\"><li><strong> Qu\u00e9 datos personales recogemos.<\/strong><\/li><\/ol><p>Los datos personales m\u00e1s habituales que podemos tratar en nuestra web son: nombre, apellidos, tel\u00e9fono, direcci\u00f3n de correo electr\u00f3nico, direcci\u00f3n IP y cookies.<\/p><ol start=\"3\"><li><strong> Finalidad, legitimaci\u00f3n y tiempo de conservaci\u00f3n.<\/strong><\/li><\/ol><p>Las finalidades para las que podemos tratar sus datos personales son:<\/p><ul><li><strong>Responder a las cuestiones que el interesado nos haga llegar.<br \/><\/strong>Los datos ser\u00e1n tratados hasta resolver la cuesti\u00f3n realizada por el interesado o hasta que se retire el consentimiento.<br \/>La base jur\u00eddica es el consentimiento del interesado.<\/li><li><strong>Env\u00edo de informaci\u00f3n comercial.<br \/><\/strong>Los datos ser\u00e1n tratados hasta la retirada del consentimiento.<br \/>La base jur\u00eddica es el consentimiento del interesado.<\/li><li><strong>Tratamiento estad\u00edstico.<\/strong><br \/>Los datos ser\u00e1n tratados de manera agregada. Ser\u00e1n tratados hasta la obtenci\u00f3n de los datos estad\u00edsticos.<br \/>La base jur\u00eddica es el inter\u00e9s leg\u00edtimo.<\/li><li><strong>Motivos de seguridad p\u00e1gina web.<\/strong><br \/>Los datos ser\u00e1n conservados durante 1 a\u00f1o.<br \/>La base jur\u00eddica es el inter\u00e9s leg\u00edtimo.<\/li><li><strong>Seguimiento de marketing a trav\u00e9s de cookies.<\/strong><br \/>Puede consultar los plazos de conservaci\u00f3n en nuestra pol\u00edtica de cookies.<br \/>La base jur\u00eddica es el consentimiento del interesado.<\/li><li><strong>Gesti\u00f3n y tramitaci\u00f3n de las comunicaciones<\/strong> recibidas a trav\u00e9s del formulario de denuncias de conformidad con la Ley 2\/2023 de 20 de febrero, reguladora de la protecci\u00f3n de las personas que informen sobre infracciones normativas y de lucha contra la corrupci\u00f3n.<\/li><\/ul><p>En el caso de los datos personales recibidos por medio del formulario de denuncias, los mismos se conservar\u00e1n por un plazo m\u00e1ximo de diez a\u00f1os.<\/p><ol start=\"4\"><li><strong> Destinatarios de sus datos<\/strong><\/li><\/ol><p>Sus datos no ser\u00e1n cedidos a terceros, salvo obligaci\u00f3n legal. \u00danicamente podr\u00e1n ser cedidos a otras empresas del grupo para la correcta prestaci\u00f3n del servicio solicitado.<\/p><p>En el caso de los datos personales contenidos en las comunicaciones recibidas en el formulario de denuncias, podr\u00e1n ser comunicados a los Juzgados y Tribunales, Ministerio Fiscal y Fuerzas y Cuerpos de Seguridad del Estado.<\/p><ol start=\"5\"><li><strong> Otros.<\/strong><\/li><\/ol><p>No recabaremos ni procesaremos cualesquiera datos personales especialmente sensibles o incluidos en la categor\u00eda especial de datos personales de los usuarios.<\/p><p>No utilizaremos procesos automatizados de toma de decisiones, incluida la elaboraci\u00f3n de perfiles (profiling), a menos que nos haya autorizado expl\u00edcitamente a hacerlo. En ese caso, le informar\u00edamos acerca de la l\u00f3gica utilizada en la decisi\u00f3n, as\u00ed como acerca del significado y las consecuencias previstas de dicho procesamiento para usted.<\/p><ol start=\"6\"><li><strong> Derechos.<\/strong><\/li><\/ol><p>Las personas que nos facilitan sus datos gozan de los siguientes derechos en relaci\u00f3n a los mismos:<\/p><ul><li>Derecho de acceso<\/li><li>Derecho de rectificaci\u00f3n o supresi\u00f3n<\/li><li>Derecho a la limitaci\u00f3n del tratamiento<\/li><li>Derecho a la portabilidad<\/li><li>Derecho de oposici\u00f3n<\/li><\/ul><p>Los Usuarios que lo soliciten pueden en cualquier momento revocar su consentimiento y\/o ejercitar sus derechos. Para ello deber\u00e1 identificarse aportando una copia de su DNI, indicar claramente qu\u00e9 derecho quiere ejercer y remitir un e-mail a la siguiente direcci\u00f3n:\u00a0<a href=\"mailto:protecciondedatos@grupoamper.com\"><strong>protecciondedatos@grupoamper.com<\/strong><\/a><\/p><p>Adicionalmente, le informamos acerca de la posibilidad de presentar una reclamaci\u00f3n ante la Autoridad de Control competente, en este caso, la Agencia Espa\u00f1ola de Protecci\u00f3n de Datos, especialmente, en caso de que no haya obtenido satisfacci\u00f3n en el ejercicio de sus derechos. Dispone de la informaci\u00f3n necesaria en:\u00a0<a href=\"http:\/\/www.aepd.es\" target=\"_blank\" rel=\"noopener\"><strong>www.aepd.es<\/strong><\/a><\/p><ol start=\"7\"><li><strong> Modificaci\u00f3n de la presente pol\u00edtica de privacidad<\/strong><\/li><\/ol><p>VDI CHANNEL SPAIN, S.L. se reserva el derecho a modificar la presente pol\u00edtica para adaptarla a futuras novedades legislativas o jurisprudenciales, as\u00ed como a pr\u00e1cticas del sector. El Usuario acepta que las modificaciones o cambios que se realicen tendr\u00e1n car\u00e1cter obligatorio y entrar\u00e1n en vigor a partir de la fecha de su publicaci\u00f3n.<\/p>\t\t\t\t\t\t\t\t<\/div>\n\t\t\t\t<\/div>\n\t\t\t\t\t<\/div>\n\t\t<\/div>\n\t\t\t\t\t<\/div>\n\t\t<\/section>\n\t\t\t\t<\/div>","protected":false},"excerpt":{"rendered":"<p>Politica de Privacidad Responsable del tratamiento El responsable final del tratamiento es VDI CHANNEL SPAIN, S.L. con NIF B87420626 y domicilio social en calle Virgilio, 2, edificio 4, Pozuelo de Alarc\u00f3n C.P. 28223 (Madrid). Puede ponerse en contacto con nosotros a trav\u00e9s del correo electr\u00f3nico\u00a0protecciondedatos@grupoamper.com Qu\u00e9 datos personales recogemos. Los datos personales m\u00e1s habituales que &hellip; <\/p>\n<p class=\"link-more\"><a href=\"https:\/\/vdi.grupoamper.com\/en\/politica-de-privacidad\/\" class=\"more-link\">Read more<span class=\"screen-reader-text\"> \u00abPolitica de privacidad\u00bb<\/span><\/a><\/p>","protected":false},"author":5,"featured_media":0,"parent":0,"menu_order":0,"comment_status":"closed","ping_status":"closed","template":"page-templates\/no-title.php","meta":{"footnotes":""},"class_list":["post-3","page","type-page","status-publish","hentry"],"_links":{"self":[{"href":"https:\/\/vdi.grupoamper.com\/en\/wp-json\/wp\/v2\/pages\/3","targetHints":{"allow":["GET"]}}],"collection":[{"href":"https:\/\/vdi.grupoamper.com\/en\/wp-json\/wp\/v2\/pages"}],"about":[{"href":"https:\/\/vdi.grupoamper.com\/en\/wp-json\/wp\/v2\/types\/page"}],"author":[{"embeddable":true,"href":"https:\/\/vdi.grupoamper.com\/en\/wp-json\/wp\/v2\/users\/5"}],"replies":[{"embeddable":true,"href":"https:\/\/vdi.grupoamper.com\/en\/wp-json\/wp\/v2\/comments?post=3"}],"version-history":[{"count":40,"href":"https:\/\/vdi.grupoamper.com\/en\/wp-json\/wp\/v2\/pages\/3\/revisions"}],"predecessor-version":[{"id":3565,"href":"https:\/\/vdi.grupoamper.com\/en\/wp-json\/wp\/v2\/pages\/3\/revisions\/3565"}],"wp:attachment":[{"href":"https:\/\/vdi.grupoamper.com\/en\/wp-json\/wp\/v2\/media?parent=3"}],"curies":[{"name":"wp","href":"https:\/\/api.w.org\/{rel}","templated":true}]}}