{"id":1725,"date":"2023-06-07T14:06:55","date_gmt":"2023-06-07T14:06:55","guid":{"rendered":"https:\/\/vdi.grupoamper.com\/?page_id=1725"},"modified":"2024-11-18T09:02:43","modified_gmt":"2024-11-18T09:02:43","slug":"politica-de-cookies","status":"publish","type":"page","link":"https:\/\/vdi.grupoamper.com\/en\/politica-de-cookies\/","title":{"rendered":"Politica de Cookies"},"content":{"rendered":"<div data-elementor-type=\"wp-page\" data-elementor-id=\"1725\" class=\"elementor elementor-1725\" data-elementor-post-type=\"page\">\n\t\t\t\t\t\t<section class=\"elementor-section elementor-top-section elementor-element elementor-element-618905fa elementor-section-boxed elementor-section-height-default elementor-section-height-default\" data-id=\"618905fa\" data-element_type=\"section\">\n\t\t\t\t\t\t<div class=\"elementor-container elementor-column-gap-default\">\n\t\t\t\t\t<div class=\"elementor-column elementor-col-100 elementor-top-column elementor-element elementor-element-71c33016\" data-id=\"71c33016\" data-element_type=\"column\">\n\t\t\t<div class=\"elementor-widget-wrap elementor-element-populated\">\n\t\t\t\t\t\t<div class=\"elementor-element elementor-element-384657b elementor-widget elementor-widget-spacer\" data-id=\"384657b\" data-element_type=\"widget\" data-widget_type=\"spacer.default\">\n\t\t\t\t<div class=\"elementor-widget-container\">\n\t\t\t\t\t\t\t<div class=\"elementor-spacer\">\n\t\t\t<div class=\"elementor-spacer-inner\"><\/div>\n\t\t<\/div>\n\t\t\t\t\t\t<\/div>\n\t\t\t\t<\/div>\n\t\t\t\t<div class=\"elementor-element elementor-element-ab7e9c5 elementor-widget elementor-widget-heading\" data-id=\"ab7e9c5\" data-element_type=\"widget\" data-widget_type=\"heading.default\">\n\t\t\t\t<div class=\"elementor-widget-container\">\n\t\t\t\t\t<h2 class=\"elementor-heading-title elementor-size-default\">Politica de Cookies<\/h2>\t\t\t\t<\/div>\n\t\t\t\t<\/div>\n\t\t\t\t<div class=\"elementor-element elementor-element-3840521f elementor-widget elementor-widget-text-editor\" data-id=\"3840521f\" data-element_type=\"widget\" data-widget_type=\"text-editor.default\">\n\t\t\t\t<div class=\"elementor-widget-container\">\n\t\t\t\t\t\t\t\t\t<style>\n    a.cky-banner-element {\n        padding: 8px 30px;\n        background: #F8F9FA;\n        color: #858A8F;\n        border: 1px solid #DEE2E6;\n        box-sizing: border-box;\n        border-radius: 2px;\n        cursor: pointer;\n}\n<\/style>\n<h1 class=\"cookie-policy-h1\">Cookie Policy<\/h1>\n<p>\n    Effective Date: 18-Nov-2024 <br>\n    Last Updated: 18-Nov-2024\n<\/p>\n\n&nbsp;\n<h5>What are cookies?<\/h5>\n<div class=\"cookie-policy-p\"><p>This Cookie Policy explains what cookies are and how we use them, the types of cookies we use i.e, the information we collect using cookies and how that information is used, and how to manage the cookie settings.<\/p> <p>Cookies are small text files that are used to store small pieces of information. They are stored on your device when the website is loaded on your browser. These cookies help us make the website function properly, make it more secure, provide better user experience, and understand how the website performs and to analyze what works and where it needs improvement.<\/p><\/div>\n\n&nbsp;\n<h5>How do we use cookies?<\/h5>\n<div class=\"cookie-policy-p\"><p>As most of the online services, our website uses first-party and third-party cookies for several purposes. First-party cookies are mostly necessary for the website to function the right way, and they do not collect any of your personally identifiable data.<\/p> <p>The third-party cookies used on our website are mainly for understanding how the website performs, how you interact with our website, keeping our services secure, providing advertisements that are relevant to you, and all in all providing you with a better and improved user experience and help speed up your future interactions with our website.<\/p><\/div>\n\n&nbsp;\n    <h5>Tipos de Cookies que utilizamos<\/h5>\n\n    <div class=\"cky-audit-table-element\"><\/div>\n\n&nbsp;\n    <h5 style=\"margin-bottom:20px;\">Manage cookie preferences<\/h5>\n\n    <a class=\"cky-banner-element\">Cookie Settings<\/a> <br\/>\n\n    <div><p>Puede cambiar sus preferencias sobre cookies en cualquier momento haciendo clic en el bot\u00f3n anterior. Esto le permitir\u00e1 volver a visitar el banner de consentimiento de cookies y cambiar sus preferencias o retirar su consentimiento de inmediato.<br>Adem\u00e1s, los distintos navegadores ofrecen diferentes m\u00e9todos para bloquear y eliminar las cookies utilizadas por los sitios web. Puede cambiar la configuraci\u00f3n de su navegador para bloquear o eliminar las cookies. A continuaci\u00f3n figuran los enlaces a los documentos de apoyo sobre c\u00f3mo gestionar y eliminar las cookies de los principales navegadores web.<\/p><p>Chrome: <a href=\"https:\/\/support.google.com\/accounts\/answer\/32050\" rel=\"noopener noreferrer\" target=\"_blank\">https:\/\/support.google.com\/accounts\/answer\/32050<\/a><\/p><p>Safari: <a href=\"https:\/\/support.apple.com\/en-in\/guide\/safari\/sfri11471\/mac\" rel=\"noopener noreferrer\" target=\"_blank\">https:\/\/support.apple.com\/en-in\/guide\/safari\/sfri11471\/mac<\/a><\/p><p>Firefox: <a href=\"https:\/\/support.mozilla.org\/en-US\/kb\/clear-cookies-and-site-data-firefox?redirectslug=delete-cookies-remove-info-websites-stored&amp;redirectlocale=en-US\" rel=\"noopener noreferrer\" target=\"_blank\">https:\/\/support.mozilla.org\/en-US\/kb\/clear-cookies-and-site-data-firefox?redirectslug=delete-cookies-remove-info-websites-stored&amp;redirectlocale=en-US<\/a><\/p><p>Internet Explorer: <a href=\"https:\/\/support.microsoft.com\/en-us\/topic\/how-to-delete-cookie-files-in-internet-explorer-bca9446f-d873-78de-77ba-d42645fa52fc\" rel=\"noopener noreferrer\" target=\"_blank\">https:\/\/support.microsoft.com\/en-us\/topic\/how-to-delete-cookie-files-in-internet-explorer-bca9446f-d873-78de-77ba-d42645fa52fc<\/a><\/p><p>Si utiliza cualquier otro navegador, consulte la documentaci\u00f3n oficial de su navegador.<\/p><\/div>\n\n\n&nbsp;\n<p class=\"cookie-policy-p\">\n    Cookie Policy Generated By  <a target=\"_blank\" href=\"https:\/\/www.cookieyes.com\/?utm_source=CP&#038;utm_medium=footer&#038;utm_campaign=UW\" rel=\"noopener\">CookieYes &#8211; Cookie Policy Generator<\/a>.\n<\/p>\t\t\t\t\t\t\t\t<\/div>\n\t\t\t\t<\/div>\n\t\t\t\t\t<\/div>\n\t\t<\/div>\n\t\t\t\t\t<\/div>\n\t\t<\/section>\n\t\t\t\t<\/div>","protected":false},"excerpt":{"rendered":"<p>Politica de Cookies Cookie Policy Effective Date: 18-Nov-2024 Last Updated: 18-Nov-2024 &nbsp; What are cookies? This Cookie Policy explains what cookies are and how we use them, the types of cookies we use i.e, the information we collect using cookies and how that information is used, and how to manage the cookie settings. Cookies are &hellip; <\/p>\n<p class=\"link-more\"><a href=\"https:\/\/vdi.grupoamper.com\/en\/politica-de-cookies\/\" class=\"more-link\">Read more<span class=\"screen-reader-text\"> \u00abPolitica de Cookies\u00bb<\/span><\/a><\/p>","protected":false},"author":5,"featured_media":0,"parent":0,"menu_order":0,"comment_status":"closed","ping_status":"closed","template":"page-templates\/no-title.php","meta":{"footnotes":""},"class_list":["post-1725","page","type-page","status-publish","hentry"],"_links":{"self":[{"href":"https:\/\/vdi.grupoamper.com\/en\/wp-json\/wp\/v2\/pages\/1725","targetHints":{"allow":["GET"]}}],"collection":[{"href":"https:\/\/vdi.grupoamper.com\/en\/wp-json\/wp\/v2\/pages"}],"about":[{"href":"https:\/\/vdi.grupoamper.com\/en\/wp-json\/wp\/v2\/types\/page"}],"author":[{"embeddable":true,"href":"https:\/\/vdi.grupoamper.com\/en\/wp-json\/wp\/v2\/users\/5"}],"replies":[{"embeddable":true,"href":"https:\/\/vdi.grupoamper.com\/en\/wp-json\/wp\/v2\/comments?post=1725"}],"version-history":[{"count":19,"href":"https:\/\/vdi.grupoamper.com\/en\/wp-json\/wp\/v2\/pages\/1725\/revisions"}],"predecessor-version":[{"id":3725,"href":"https:\/\/vdi.grupoamper.com\/en\/wp-json\/wp\/v2\/pages\/1725\/revisions\/3725"}],"wp:attachment":[{"href":"https:\/\/vdi.grupoamper.com\/en\/wp-json\/wp\/v2\/media?parent=1725"}],"curies":[{"name":"wp","href":"https:\/\/api.w.org\/{rel}","templated":true}]}}