{"id":1701,"date":"2023-06-07T10:12:31","date_gmt":"2023-06-07T10:12:31","guid":{"rendered":"https:\/\/vdi.grupoamper.com\/?page_id=1701"},"modified":"2023-06-07T10:25:23","modified_gmt":"2023-06-07T10:25:23","slug":"aviso-legal","status":"publish","type":"page","link":"https:\/\/vdi.grupoamper.com\/en\/aviso-legal\/","title":{"rendered":"Legal Notice"},"content":{"rendered":"<div data-elementor-type=\"wp-page\" data-elementor-id=\"1701\" class=\"elementor elementor-1701\" data-elementor-post-type=\"page\">\n\t\t\t\t\t\t<section class=\"elementor-section elementor-top-section elementor-element elementor-element-618905fa elementor-section-boxed elementor-section-height-default elementor-section-height-default\" data-id=\"618905fa\" data-element_type=\"section\">\n\t\t\t\t\t\t<div class=\"elementor-container elementor-column-gap-default\">\n\t\t\t\t\t<div class=\"elementor-column elementor-col-100 elementor-top-column elementor-element elementor-element-71c33016\" data-id=\"71c33016\" data-element_type=\"column\">\n\t\t\t<div class=\"elementor-widget-wrap elementor-element-populated\">\n\t\t\t\t\t\t<div class=\"elementor-element elementor-element-384657b elementor-widget elementor-widget-spacer\" data-id=\"384657b\" data-element_type=\"widget\" data-widget_type=\"spacer.default\">\n\t\t\t\t<div class=\"elementor-widget-container\">\n\t\t\t\t\t\t\t<div class=\"elementor-spacer\">\n\t\t\t<div class=\"elementor-spacer-inner\"><\/div>\n\t\t<\/div>\n\t\t\t\t\t\t<\/div>\n\t\t\t\t<\/div>\n\t\t\t\t<div class=\"elementor-element elementor-element-ab7e9c5 elementor-widget elementor-widget-heading\" data-id=\"ab7e9c5\" data-element_type=\"widget\" data-widget_type=\"heading.default\">\n\t\t\t\t<div class=\"elementor-widget-container\">\n\t\t\t\t\t<h2 class=\"elementor-heading-title elementor-size-default\">Legal Notice<\/h2>\t\t\t\t<\/div>\n\t\t\t\t<\/div>\n\t\t\t\t<div class=\"elementor-element elementor-element-3840521f elementor-widget elementor-widget-text-editor\" data-id=\"3840521f\" data-element_type=\"widget\" data-widget_type=\"text-editor.default\">\n\t\t\t\t<div class=\"elementor-widget-container\">\n\t\t\t\t\t\t\t\t\tEl presente Aviso Legal regula el uso del sitio Web www.vdichannel.com (en adelante, el \u00abSitio Web\u00bb) que la sociedad VDI CHANNEL S.L (en adelante \u201cVDI\u201d)\u00a0 pone a la disposici\u00f3n de cualquier usuario del mismo (en adelante, el \u00abUsuario\u00bb).\n\nA trav\u00e9s del Sitio Web, los Usuarios pueden acceder a la informaci\u00f3n de las distintas \u00e1reas de negocio, los servicios y productos comercializados por VDI, as\u00ed como los eventos y novedades de la corporaci\u00f3n (en adelante, los \u00abContenidos\u00bb).\n<h3>I. Usuarios y Datos Informativos<\/h3>\nEl acceso a y\/o uso del Sitio Web atribuye a quien lo realiza la condici\u00f3n de Usuario, aceptando, desde ese mismo momento, plenamente y sin reserva alguna, las presentes condiciones generales.\n\nVDI CHANNEL SPAIN S.L. tiene su domicilio social en la calle Ana Mariscal 5, 28223 Pozuelo de Alarc\u00f3n (Madrid) y CIF B-87420626. La Sociedad est\u00e1 inscrita en el Registro Mercantil el d\u00eda 12 de Enero de 2.016, bajo el n\u00famero 22 de orden de protocolo e inscritas en el Registro Mercantil de Madrid, al tomo 34.326, folio 24, Secci\u00f3n 8, hoja M-617494, inscripci\u00f3n 1\u00aa.\n\nLos Usuarios pueden contactar con VDI a trav\u00e9s de la direcci\u00f3n de correo electr\u00f3nico\u00a0<a href=\"mailto:protecciondedatos@grupoamper.com\">protecciondedatos@grupoamper.com<\/a>\n<h3>II. Uso del Sitio Web, sus servicios y Contenidos<\/h3>\nEl Usuario se compromete a utilizar el Sitio Web y los Contenidos de conformidad con la ley y las presentes Condiciones Generales (y las posteriores modificaciones a las mismas) as\u00ed como con las buenas costumbres de Internet generalmente aceptadas y el orden p\u00fablico.\n\nVDI podr\u00e1 establecer limitaciones y\/o condiciones adicionales para el uso y\/o acceso al Sitio Web y\/o a los Contenidos, las cuales deber\u00e1n ser observadas por los Usuarios en todo caso.\n\nAsimismo, el Usuario se compromete a abstenerse de:\n<ul>\n \t<li style=\"list-style-type: none;\">\n<ul>\n \t<li style=\"list-style-type: none;\">\n<ul>\n \t<li>Utilizar los Contenidos con fines il\u00edcitos, prohibidos, lesivos de los derechos e intereses de terceros, o que de cualquier forma puedan da\u00f1ar, inutilizar, sobrecargar, deteriorar o impedir la normal utilizaci\u00f3n del Sitio Web, los equipos inform\u00e1ticos o los documentos, archivos y toda clase de contenidos almacenados en cualquier equipo inform\u00e1tico propiedad de VDI o de terceros.<\/li>\n \t<li>Reproducir, copiar, distribuir, poner a disposici\u00f3n o de cualquier otra forma comunicar (incluyendo a trav\u00e9s de correo electr\u00f3nico), transformar o modificar los Contenidos, a menos que se cuente con la autorizaci\u00f3n expresa del titular de los correspondientes derechos o ello resulte legalmente permitido.<\/li>\n \t<li>Vulnerar los derechos de VDI o de los leg\u00edtimos titulares de los Contenidos.<\/li>\n \t<li>Utilizar los Contenidos para fines comerciales o publicitarios, distintos de los expresamente permitidos.<\/li>\n<\/ul>\n<\/li>\n<\/ul>\n<\/li>\n<\/ul>\n<h3>III.\u00a0 Propiedad intelectual e industrial<\/h3>\nToda la informaci\u00f3n contenida en el Sitio Web, incluyendo cualquier tipo de contenidos, textos, im\u00e1genes, dise\u00f1os gr\u00e1ficos o c\u00f3digos en lenguaje HTML, JAVA, JavaScript o ActiveX, entre otros, es propiedad intelectual cuya titularidad corresponde a VDI y\/o a terceros.\n\nDicha propiedad intelectual e industrial se encuentra protegida por la legislaci\u00f3n nacional e internacional sobre propiedad intelectual e industrial. El Usuario deber\u00e1 respetar en todo momento todos los derechos de propiedad intelectual e industrial sobre el Sitio Web, titularidad de VDI o de terceros.\n\nMediante estas Condiciones Generales no se cede ning\u00fan derecho de propiedad intelectual o industrial sobre el Sitio Web ni sobre los Contenidos, marcas, nombres comerciales y\/o signos distintivos que aparecen en el Sitio Web, quedando expresamente prohibidos al Usuario la reproducci\u00f3n, transformaci\u00f3n, distribuci\u00f3n, comunicaci\u00f3n p\u00fablica, puesta a disposici\u00f3n, extracci\u00f3n, reutilizaci\u00f3n, reenv\u00edo o la utilizaci\u00f3n de cualquier naturaleza, por cualquier medio o procedimiento, de cualquiera de ellos, salvo en los casos en que est\u00e9 legalmente permitido o sea autorizado por el titular de los correspondientes derechos.\n\nEl uso no autorizado de los Contenidos, marcas, nombres comerciales y\/o signos distintivos contenidos en el Sitio Web puede suponer la violaci\u00f3n de la legislaci\u00f3n sobre propiedad intelectual o industrial y de otras leyes aplicables. Cualquier infracci\u00f3n de estos derechos puede dar lugar a aquellos procedimientos extrajudiciales o judiciales civiles o penales que correspondan.\n\nA los efectos de preservar los posibles derechos de propiedad intelectual e industrial, en el caso de que cualquier Usuario o un tercero consideren que se ha producido una violaci\u00f3n de dichos derechos, deber\u00e1 notificar dicha circunstancia, por escrito, a VDI, en sus oficinas centrales sito en la en la c\/Ana Mariscal 5, 28223 Pozuelo de Alarc\u00f3n (Madrid) o dirigiendo un email a la direcci\u00f3n de correo\u00a0<a href=\"mailto:protecciondedatos@grupoamper.com\">protecciondedatos@grupoamper.com<\/a>\n<h3>IV. Modificaciones<\/h3>\nVDI puede ocasionalmente actualizar y\/o modificar las presentes Condiciones Generales a su sola discreci\u00f3n, a los efectos de cumplir con la legislaci\u00f3n en vigor o la que se promulgue en el futuro.\n\nEl Usuario acepta que las modificaciones o cambios que se realicen tendr\u00e1n car\u00e1cter obligatorio y entrar\u00e1n en vigor desde la fecha de publicaci\u00f3n de las Condiciones Generales modificadas. El Usuario acepta que el uso continuado que haga del Sitio Web con posterioridad a la fecha de entrada en vigor de las Condiciones Generales indicar\u00e1 su conformidad con dichas modificaciones.\n\nVDI se reserva el derecho de modificar en cualquier momento la presentaci\u00f3n, configuraci\u00f3n y localizaci\u00f3n del Sitio Web, as\u00ed como los Contenidos y las condiciones requeridas para utilizar los mismos.\n\nUsted se compromete a revisar siempre la versi\u00f3n m\u00e1s reciente de las Condiciones Generales disponible en el Sitio Web\u00a0<a href=\"https:\/\/www.grupoamper.com\/\" target=\"_blank\" rel=\"noopener\">www.grupoamper.com<\/a>\n<h3>V. Exclusi\u00f3n de Garant\u00edas y responsabilidad<\/h3>\nVDI no otorga ninguna garant\u00eda ni se hace responsable, en ning\u00fan caso, de los da\u00f1os y perjuicios de cualquier naturaleza que pudieran derivarse del acceso o uso de los Contenidos o del Sitio Web.\n\nEntre otras, y sin que se limite a \u00e9stas, VDI no se responsabiliza de las siguientes circunstancias:\n<ul>\n \t<li style=\"list-style-type: none;\">\n<ul>\n \t<li style=\"list-style-type: none;\">\n<ul>\n \t<li>La falta de disponibilidad, mantenimiento y efectivo funcionamiento del Sitio Web y\/o los Contenidos, excluy\u00e9ndose, en la m\u00e1xima medida permitida por la legislaci\u00f3n vigente, cualquier responsabilidad por los da\u00f1os y perjuicios de toda naturaleza que puedan deberse a la falta de disponibilidad o de continuidad del funcionamiento del Sitio Web y de los Contenidos habilitados en el mismo.<\/li>\n \t<li>Falta de utilidad del Sitio Web o los Contenidos para cualquier actividad.<\/li>\n \t<li>Del contenido, los productos y los servicios de otras p\u00e1ginas de Internet a las que puedan dirigirse directa o indirectamente los links o enlaces colocados en el Sitio Web.<\/li>\n \t<li>La existencia de virus, programas maliciosos o lesivos en los Contenidos.<\/li>\n \t<li>La recepci\u00f3n, obtenci\u00f3n, almacenamiento, difusi\u00f3n o transmisi\u00f3n, por parte de los Usuarios, de los Contenidos.<\/li>\n \t<li>El uso il\u00edcito, negligente, fraudulento, contrario a las Condiciones Generales del presente Aviso Legal, a la buena fe, a los usos generalmente aceptados o al orden p\u00fablico, del Sitio Web o sus Contenidos, por parte de los usuarios.<\/li>\n<\/ul>\n<\/li>\n<\/ul>\n<\/li>\n<\/ul>\nVDI no asumir\u00e1 responsabilidad alguna por los da\u00f1os indirectos, relacionados con o derivados de las presentes Condiciones Generales (incluyendo a tal efecto lucro cesante, p\u00e9rdidas de uso, datos u otras ventajas econ\u00f3micas) con independencia de la causa.\n<h3>VI. Protecci\u00f3n de datos y pol\u00edtica de cookies<\/h3>\nPuede obtener m\u00e1s informaci\u00f3n sobre el uso que hacemos de sus datos de car\u00e1cter personales y de las cookies en la\u00a0<a href=\"https:\/\/www.vdichannel.com\/politica-de-privacidad\/\" target=\"_blank\" rel=\"noopener\">Pol\u00edtica de Privacidad<\/a>\u00a0y\u00a0<a href=\"https:\/\/www.vdichannel.com\/politica-de-cookies\/\" target=\"_blank\" rel=\"noopener\">Pol\u00edtica Cookies<\/a>\u00a0de nuestra web.\n<h3>VII. Introducci\u00f3n de Links<\/h3>\nAquellos Usuarios que deseen establecer un hiperv\u00ednculo, enlace o link entre su sitio Web y el Sitio Web (el \u00abLink\u00bb) deber\u00e1n obtener la autorizaci\u00f3n previa de VDI, presentando una solicitud a la siguiente direcci\u00f3n de correo electr\u00f3nico\u00a0<a href=\"mailto:protecciondedatos@grupoamper.com\">protecciondedatos@grupoamper.com<\/a>, quedando sujeto al cumplimiento de las siguientes obligaciones:\n<ul>\n \t<li style=\"list-style-type: none;\">\n<ul>\n \t<li style=\"list-style-type: none;\">\n<ul>\n \t<li>El Link \u00fanicamente permitir\u00e1 el acceso al Sitio Web, pero no podr\u00e1 reproducirlo de ninguna forma. No se permite la copia, uso, distribuci\u00f3n, comercializaci\u00f3n o reproducci\u00f3n ni total ni parcial de ninguno de los Contenidos del Sitio Web de VDI.<\/li>\n \t<li>S\u00f3lo se permiten hiperenlaces a la p\u00e1gina principal del Sitio Web y no se establecer\u00e1n deep-links con las p\u00e1ginas Web del Sitio Web ni de sus servicios ni se crear\u00e1 un browser o un border environment (framing) sobre las mismas.<\/li>\n \t<li>La p\u00e1gina Web en la que se establezca el hiperenlace al Sitio Web no contendr\u00e1 ninguna marca, nombre comercial, r\u00f3tulo de establecimiento, denominaci\u00f3n, logotipo, eslogan u otros signos distintivos pertenecientes a VDI, excepto aquellos signos que forman parte del mismo hiperenlace.<\/li>\n \t<li>Bajo ninguna circunstancia VDI ser\u00e1 responsable de los contenidos o servicios puestos a disposici\u00f3n del p\u00fablico en el Web desde el que se realice el hiperenlace ni de las informaciones y manifestaciones incluidas en las mismas.<\/li>\n \t<li>No se realizar\u00e1n manifestaciones o indicaciones falsas, inexactas o incorrectas sobre VDI, sus accionistas, consejeros, clientes, proveedores, asociados y empleados, el Sitio Web o los Contenidos.<\/li>\n \t<li>No se declarar\u00e1 ni se dar\u00e1 a entender que VDI ha autorizado el hiperenlace o que ha supervisado o asumido de cualquier forma los servicios ofrecidos o puestos a disposici\u00f3n de la p\u00e1gina Web en la que se establece el hiperenlace.<\/li>\n \t<li>El establecimiento del hiperenlace no implica en ning\u00fan caso la existencia de relaciones comerciales entre VDI y el propietario de la p\u00e1gina Web en la que se establezca, ni la aceptaci\u00f3n y aprobaci\u00f3n por parte de VDI, de sus contenidos o servicios.<\/li>\n \t<li>La p\u00e1gina Web en la que se establezca el hiperenlace no contendr\u00e1 informaciones o contenidos il\u00edcitos, contrarios a la moral y a las buenas costumbres generalmente aceptadas en Internet y al orden p\u00fablico, as\u00ed como tampoco contendr\u00e1 contenidos contrarios a cualesquiera derechos de terceros.<\/li>\n<\/ul>\n<\/li>\n<\/ul>\n<\/li>\n<\/ul>\n<h3>VIII. Duraci\u00f3n<\/h3>\nLa duraci\u00f3n de la prestaci\u00f3n del servicio del Sitio Web y de los Contenidos es de car\u00e1cter indefinido.\n\nSin perjuicio de lo anterior, VDI se reserva el derecho de interrumpir, suspender o terminar la prestaci\u00f3n del servicio del Sitio Web o de cualquiera de los Contenidos que lo integran.\n<h3>IX. Nulidad parcial<\/h3>\nLa declaraci\u00f3n de cualquiera de las cl\u00e1usulas de estas Condiciones Generales como nula, inv\u00e1lida o ineficaz no afectar\u00e1 a la validez o eficacia de las restantes, que seguir\u00e1n siendo vinculantes entre las partes. La renuncia por cualquiera de las partes a exigir en un momento determinado el cumplimiento de una cualquiera de las Condiciones Generales aqu\u00ed estipuladas no implicar\u00e1 una renuncia con car\u00e1cter general al cumplimiento de otra condici\u00f3n o condiciones, ni crear\u00e1 un derecho adquirido para la otra parte.\n<h3>X. Acciones en caso de incumplimiento<\/h3>\nVDI se reserva el derecho a ejercer cuantas acciones est\u00e9n disponibles en derecho para exigir las responsabilidades que se deriven del incumplimiento de cualquiera de las disposiciones de estas Condiciones Generales de uso del Sitio Web por parte de un Usuario.\n<h3>XI. Legislaci\u00f3n Aplicable y jurisdicci\u00f3n<\/h3>\nEl presente Aviso Legal se rige por la legislaci\u00f3n espa\u00f1ola. VDI y los Usuarios, con expresa renuncia a su propio fuero, se someten para la resoluci\u00f3n de cuantos litigios pudieran derivarse del uso del Sitio Web y de los Contenidos a los Juzgados y Tribunales de MADRID.\t\t\t\t\t\t\t\t<\/div>\n\t\t\t\t<\/div>\n\t\t\t\t\t<\/div>\n\t\t<\/div>\n\t\t\t\t\t<\/div>\n\t\t<\/section>\n\t\t\t\t<\/div>","protected":false},"excerpt":{"rendered":"<p>Aviso Legal El presente Aviso Legal regula el uso del sitio Web www.vdichannel.com (en adelante, el \u00abSitio Web\u00bb) que la sociedad VDI CHANNEL S.L (en adelante \u201cVDI\u201d)\u00a0 pone a la disposici\u00f3n de cualquier usuario del mismo (en adelante, el \u00abUsuario\u00bb). A trav\u00e9s del Sitio Web, los Usuarios pueden acceder a la informaci\u00f3n de las distintas &hellip; <\/p>\n<p class=\"link-more\"><a href=\"https:\/\/vdi.grupoamper.com\/en\/aviso-legal\/\" class=\"more-link\">Read more<span class=\"screen-reader-text\"> \u00abAviso Legal\u00bb<\/span><\/a><\/p>","protected":false},"author":5,"featured_media":0,"parent":0,"menu_order":0,"comment_status":"closed","ping_status":"closed","template":"page-templates\/no-title.php","meta":{"footnotes":""},"class_list":["post-1701","page","type-page","status-publish","hentry"],"_links":{"self":[{"href":"https:\/\/vdi.grupoamper.com\/en\/wp-json\/wp\/v2\/pages\/1701","targetHints":{"allow":["GET"]}}],"collection":[{"href":"https:\/\/vdi.grupoamper.com\/en\/wp-json\/wp\/v2\/pages"}],"about":[{"href":"https:\/\/vdi.grupoamper.com\/en\/wp-json\/wp\/v2\/types\/page"}],"author":[{"embeddable":true,"href":"https:\/\/vdi.grupoamper.com\/en\/wp-json\/wp\/v2\/users\/5"}],"replies":[{"embeddable":true,"href":"https:\/\/vdi.grupoamper.com\/en\/wp-json\/wp\/v2\/comments?post=1701"}],"version-history":[{"count":16,"href":"https:\/\/vdi.grupoamper.com\/en\/wp-json\/wp\/v2\/pages\/1701\/revisions"}],"predecessor-version":[{"id":1718,"href":"https:\/\/vdi.grupoamper.com\/en\/wp-json\/wp\/v2\/pages\/1701\/revisions\/1718"}],"wp:attachment":[{"href":"https:\/\/vdi.grupoamper.com\/en\/wp-json\/wp\/v2\/media?parent=1701"}],"curies":[{"name":"wp","href":"https:\/\/api.w.org\/{rel}","templated":true}]}}